{"id":2429,"date":"2022-04-04T20:10:39","date_gmt":"2022-04-04T18:10:39","guid":{"rendered":"https:\/\/festivalbarruguet.com\/?page_id=2429"},"modified":"2022-04-09T06:20:28","modified_gmt":"2022-04-09T04:20:28","slug":"politica-de-cookies","status":"publish","type":"page","link":"https:\/\/festivalbarruguet.com\/ca\/politica-de-cookies\/","title":{"rendered":"Pol\u00edtica de cookies"},"content":{"rendered":"\n\n\t<p><strong>POL\u00cdTICA DE COOKIES<\/strong><\/p>\n<p><strong>\u00bfPARA QU\u00c9 UTILIZAMOS COOKIES Y TRATAMOS DATOS DE NAVEGACI\u00d3N?<\/strong><\/p>\n<p>En esta Web utilizamos cookies. En caso de utilizar nuestra web sin proceder a la desactivaci\u00f3n de las cookies, manifiesta su consentimiento para la instalaci\u00f3n de las mismas.<\/p>\n<strong>\u00bfQu\u00e9 es una cookie?<\/strong><br \/>\nUna cookie es un fichero que las webs transfieren a los equipos que se conectan a ellas. Si bien a menudo los prop\u00f3sitos de las cookies son s\u00f3lo t\u00e9cnicos, tambi\u00e9n pueden permitir, entre otras cosas, almacenar y recuperar informaci\u00f3n sobre los h\u00e1bitos de navegaci\u00f3n de un usuario o de su equipo y, dependiendo de la informaci\u00f3n que contengan y de la forma en que utilice su equipo, utilizarse para reconocer al usuario.<br \/>\nExisten cookies que son controladas y gestionadas por el propio titular de la Web (son llamadas &#8220;cookies propias&#8221;) y otras que lo son por terceros (son conocidas como &#8220;cookies de terceros&#8221;), por ejemplo, porque estos proporcionan una herramienta o una funcionalidad integrada a la web.<br \/>\nCiertas cookies se cancelan una vez finalizada la navegaci\u00f3n en la web (cookies de sesi\u00f3n) mientras que otras pueden seguir almacenadas en el equipo de los usuarios y ser accedidas por un periodo m\u00e1s largo (cookies persistentes).\n<strong>\u00bfQu\u00e9 tipo de cookies utilizamos y para qu\u00e9?<\/strong><br \/>\nEn est\u00e1 Web utilizamos el siguiente tipo de cookies:\n<strong>1. Cookies t\u00e9cnicas o indispensables a la prestaci\u00f3n de los servicios<\/strong><br \/>\nUtilizamos cookies t\u00e9cnicas para poder prestar los servicios solicitados por nuestros usuarios. Estas cookies son indispensables para la navegaci\u00f3n y la utilizaci\u00f3n de las diferentes opciones y servicios de la web, como, por ejemplo, controlar el tr\u00e1fico y la comunicaci\u00f3n de datos, identificar la sesi\u00f3n, acceder a partes de acceso restringido, utilizar elementos de seguridad durante la navegaci\u00f3n, almacenar contenidos para la difusi\u00f3n de videos o sonidos o compartir contenidos a trav\u00e9s de redes sociales.\n<strong>2. Cookies de personalizaci\u00f3n<\/strong><br \/>\nCon el fin de optimizar la experiencia de uso de nuestra web, utilizamos cookies de personalizaci\u00f3n que nos permiten configurar la web y sus servicios acorde a las preferencias del usuario o a caracter\u00edsticas generales de su equipo, por ejemplo, el navegador utilizado y su versi\u00f3n, el sistema operativo instalado, etc.<br \/>\nEstas cookies se utilizan para, por ejemplo, recordar los par\u00e1metros que fueron elegidos por el usuario durante sus visitas, orientar el contenido de la web en funci\u00f3n de su idioma o ubicaci\u00f3n o mantener el estado acreditado de los usuarios registrados.\n<strong>3. Cookies de an\u00e1lisis<\/strong><br \/>\nLas cookies de an\u00e1lisis permiten medir y analizar la actividad de los sitios web y elaborar perfiles de navegaci\u00f3n de los usuarios.<br \/>\nUtilizamos las cookies de GOOGLE ANALYTICS y FACEBOOK IMPRESSIONS para recopilar estad\u00edsticas an\u00f3nimas y conjuntas que nos permitan comprender la forma en que los usuarios utilizan nuestra web, con el fin de mejorarla y ajustarla a las preferencias de nuestros visitantes.<br \/>\nGOOGLE ANALYTICS es una herramienta provista por la empresa Google, Inc., 1600 Amphitheatre Parkway. Mountain View, CA 94043. EE.UU. Puede obtener m\u00e1s informaci\u00f3n sobre el funcionamiento de GOOGLE ANALYTICS y las cookies utilizadas por este servicio en los siguientes enlaces:<br \/>\n&#8211; https:\/\/support.google.com\/analytics\/answer\/6004245<br \/>\n&#8211; http:\/\/www.google.com\/intl\/es\/policies\/privacy\/\nPuede desactivar las cookies de GOOGLE ANALYTICS mediante la instalaci\u00f3n en su navegador del complemento de inhabilitaci\u00f3n creado por Google y disponible en el siguiente enlace: https:\/\/tools.google.com\/dlpage\/gaoptout?hl=es<br \/>\nFACEBOOK IMPRESSIONS es una herramienta provista por la empresa Facebook, Inc., con domicilio en 1601 Willow Road, Menlo Park, CA 94025 EE.UU y Facebook Spain, S.L., con domicilio en Calle Pinar, 5, MADRID 28006. M\u00e1s informaci\u00f3n sobre este programa en www.facebook.com\/ads\/website_custom_audiences\/.\n<p>M\u00e1s detalles sobre las cookies utilizadas por Facebook en https:\/\/www.facebook.com\/help\/cookies\/?ref=sitefooter. M\u00e1s informaci\u00f3n sobre la desactivaci\u00f3n de cookies de Facebook en https:\/\/es-es.facebook.com\/help\/cookies\/ o en Seg\u00fan se indica en https:\/\/www.facebook.com\/about\/privacy\/en.<\/p>\nT\u00edpicamente los datos derivados de su navegaci\u00f3n que pueden ser objeto de an\u00e1lisis son los siguientes:<br \/>\n&#8211; El nombre de dominio del proveedor (PSI) y\/o direcci\u00f3n IP que les da acceso a la red. Por ejemplo, un usuario del proveedor xxx s\u00f3lo estar\u00e1 identificado con el dominio xxx.es y\/o la direcci\u00f3n IP. De esta manera podemos elaborar estad\u00edsticas sobre los pa\u00edses y servidores que visitan m\u00e1s a menudo nuestro web.<br \/>\n&#8211; La fecha y hora de acceso a nuestro web. Ello nos permite averiguar las horas de m\u00e1s afluencia, y hacer los ajustes precisos para evitar problemas de saturaci\u00f3n en nuestras horas punta.<br \/>\n&#8211; La direcci\u00f3n de internet desde la que parti\u00f3 el link que dirige a nuestro web. Gracias a este dato, podemos conocer la efectividad de los distintos banners y enlaces que apuntan a nuestro servidor, con el fin de potenciar los que ofrezcan mejores resultados.<br \/>\n&#8211; El n\u00famero de visitantes diarios de cada secci\u00f3n. Ello nos permite conocer las \u00e1reas de m\u00e1s \u00e9xito y aumentar y mejorar su contenido, con el fin de que los usuarios obtengan un resultado m\u00e1s satisfactorio.\n<strong>4. Cookies publicitarias<\/strong><br \/>\nDurante su navegaci\u00f3n, pueden instalarse cookies de publicidad selectiva de los terceros que se identifican a continuaci\u00f3n (nota: al no controlarlas, declinamos cualquier responsabilidad respecto al contenido y veracidad de la informaci\u00f3n y pol\u00edticas de privacidad relativas a dichas cookies.<br \/>\n&#8211; ADDTHIS &#8211; ORACLE AMERICA, INC., con domicilio en 500 Oracle Parkway, Redwood Shores, CA 94065,. M\u00e1s informaci\u00f3n sobre estas cookies en:<br \/>\nhttp:\/\/www.addthis.com\/privacy\/privacy-policy.\n<strong>\u00bfSon an\u00f3nimas las cookies?<\/strong><br \/>\nLas cookies no contienen informaci\u00f3n que permita por s\u00ed sola identificar a un usuario concreto. Respecto a nosotros, la informaci\u00f3n obtenida s\u00f3lo podr\u00e1 ser asociada a un usuario concreto en caso de que dicho usuario est\u00e9 identificado en la web. De ser as\u00ed, dichos datos ser\u00e1n incorporados a ficheros de datos de car\u00e1cter personal cuya responsabilidad recae sobre la titular de esta web y ser\u00e1n tratados para las finalidades indicadas en la presente pol\u00edtica de uso de cookies, cumpliendo en todo momento con las exigencias de la normativa vigente en materia de protecci\u00f3n de datos de car\u00e1cter personal. En cualquier momento los usuarios afectados podr\u00e1n ejercitar sus derechos de acceso, rectificaci\u00f3n o cancelaci\u00f3n de su informaci\u00f3n personal, as\u00ed como el de oposici\u00f3n a su tratamiento, seg\u00fan se indica en la pol\u00edtica de privacidad de nuestra web.\n<strong>\u00bfC\u00f3mo puedo gestionar las cookies?<\/strong><br \/>\nLos usuarios de la web tienen la opci\u00f3n de no recibir cookies, borrarlas o de ser informados acerca de su fijaci\u00f3n mediante la configuraci\u00f3n de su navegador. Para saber c\u00f3mo gestionar las cookies en su navegador, le invitamos a que consulte la ayuda del mismo.<br \/>\nPara su comodidad, a continuaci\u00f3n, encontrar\u00e1 informaci\u00f3n proporcionada por los desarrolladores de los principales navegadores sobre la gesti\u00f3n de cookies:<br \/>\n\uf0a7 Chrome, http:\/\/support.google.com\/chrome\/bin\/answer.py?hl=es&amp;answer=95647<br \/>\n\uf0a7 Explorer, http:\/\/windows.microsoft.com\/es-es\/windows-vista\/block-or-allow-cookies<br \/>\n\uf0a7 Firefox, http:\/\/support.mozilla.org\/es\/kb\/habilitar-y-deshabilitar-cookies-que-los-sitios-we<br \/>\n\uf0a7 Safari,https:\/\/support.apple.com\/kb\/index?q=manage+cookies&amp;src=globalnav_support&amp;type=organic&amp;page=search&amp;locale=es_ES\nEn caso de desactivar las cookies, es posible que no pueda hacer uso de todas las funcionalidades de la web.<br \/>\nPara inhabilitar el uso de cookies publicitarias de terceros, los usuarios pueden igualmente visitar la p\u00e1gina de inhabilitaci\u00f3n de la Iniciativa publicitaria de la red (NAI, Network Advertising Initiative. P\u00e1gina en ingl\u00e9s:<br \/>\nhttp:\/\/www.networkadvertising.org\/managing\/opt_out.asp).\n\n","protected":false},"excerpt":{"rendered":"<p>POL\u00cdTICA DE COOKIES \u00bfPARA QU\u00c9 UTILIZAMOS COOKIES Y TRATAMOS DATOS DE NAVEGACI\u00d3N? En esta Web utilizamos cookies. En caso de utilizar nuestra web sin proceder a la desactivaci\u00f3n de las cookies, manifiesta su consentimiento para la instalaci\u00f3n de las mismas. \u00bfQu\u00e9 es una cookie? Una cookie es un fichero que las webs transfieren a los&hellip;<\/p>\n","protected":false},"author":1,"featured_media":0,"parent":0,"menu_order":0,"comment_status":"closed","ping_status":"open","template":"","meta":{"footnotes":""},"folder":[],"class_list":["post-2429","page","type-page","status-publish","hentry"],"yoast_head":"<!-- This site is optimized with the Yoast SEO plugin v22.4 - https:\/\/yoast.com\/wordpress\/plugins\/seo\/ -->\n<title>Pol\u00edtica de cookies - Festival Barruguet<\/title>\n<meta name=\"robots\" content=\"index, follow, max-snippet:-1, max-image-preview:large, max-video-preview:-1\" \/>\n<link rel=\"canonical\" href=\"https:\/\/festivalbarruguet.com\/ca\/politica-de-cookies\/\" \/>\n<meta property=\"og:locale\" content=\"ca_ES\" \/>\n<meta property=\"og:type\" content=\"article\" \/>\n<meta property=\"og:title\" content=\"Pol\u00edtica de cookies - Festival Barruguet\" \/>\n<meta property=\"og:description\" content=\"POL\u00cdTICA DE COOKIES \u00bfPARA QU\u00c9 UTILIZAMOS COOKIES Y TRATAMOS DATOS DE NAVEGACI\u00d3N? En esta Web utilizamos cookies. En caso de utilizar nuestra web sin proceder a la desactivaci\u00f3n de las cookies, manifiesta su consentimiento para la instalaci\u00f3n de las mismas. \u00bfQu\u00e9 es una cookie? Una cookie es un fichero que las webs transfieren a los&hellip;\" \/>\n<meta property=\"og:url\" content=\"https:\/\/festivalbarruguet.com\/ca\/politica-de-cookies\/\" \/>\n<meta property=\"og:site_name\" content=\"Festival Barruguet\" \/>\n<meta property=\"article:modified_time\" content=\"2022-04-09T04:20:28+00:00\" \/>\n<meta name=\"twitter:card\" content=\"summary_large_image\" \/>\n<meta name=\"twitter:label1\" content=\"Temps estimat de lectura\" \/>\n\t<meta name=\"twitter:data1\" content=\"7 minuts\" \/>\n<script type=\"application\/ld+json\" class=\"yoast-schema-graph\">{\"@context\":\"https:\/\/schema.org\",\"@graph\":[{\"@type\":\"WebPage\",\"@id\":\"https:\/\/festivalbarruguet.com\/ca\/politica-de-cookies\/\",\"url\":\"https:\/\/festivalbarruguet.com\/ca\/politica-de-cookies\/\",\"name\":\"Pol\u00edtica de cookies - Festival Barruguet\",\"isPartOf\":{\"@id\":\"https:\/\/festivalbarruguet.com\/ca\/#website\"},\"datePublished\":\"2022-04-04T18:10:39+00:00\",\"dateModified\":\"2022-04-09T04:20:28+00:00\",\"breadcrumb\":{\"@id\":\"https:\/\/festivalbarruguet.com\/ca\/politica-de-cookies\/#breadcrumb\"},\"inLanguage\":\"ca\",\"potentialAction\":[{\"@type\":\"ReadAction\",\"target\":[\"https:\/\/festivalbarruguet.com\/ca\/politica-de-cookies\/\"]}]},{\"@type\":\"BreadcrumbList\",\"@id\":\"https:\/\/festivalbarruguet.com\/ca\/politica-de-cookies\/#breadcrumb\",\"itemListElement\":[{\"@type\":\"ListItem\",\"position\":1,\"name\":\"Inici\",\"item\":\"https:\/\/festivalbarruguet.com\/ca\/\"},{\"@type\":\"ListItem\",\"position\":2,\"name\":\"Pol\u00edtica de cookies\"}]},{\"@type\":\"WebSite\",\"@id\":\"https:\/\/festivalbarruguet.com\/ca\/#website\",\"url\":\"https:\/\/festivalbarruguet.com\/ca\/\",\"name\":\"Festival Barruguet\",\"description\":\"Festival de Teatre Familiar a Santa Eul\u00e0ria des Riu\",\"potentialAction\":[{\"@type\":\"SearchAction\",\"target\":{\"@type\":\"EntryPoint\",\"urlTemplate\":\"https:\/\/festivalbarruguet.com\/ca\/?s={search_term_string}\"},\"query-input\":\"required name=search_term_string\"}],\"inLanguage\":\"ca\"}]}<\/script>\n<!-- \/ Yoast SEO plugin. -->","yoast_head_json":{"title":"Pol\u00edtica de cookies - Festival Barruguet","robots":{"index":"index","follow":"follow","max-snippet":"max-snippet:-1","max-image-preview":"max-image-preview:large","max-video-preview":"max-video-preview:-1"},"canonical":"https:\/\/festivalbarruguet.com\/ca\/politica-de-cookies\/","og_locale":"ca_ES","og_type":"article","og_title":"Pol\u00edtica de cookies - Festival Barruguet","og_description":"POL\u00cdTICA DE COOKIES \u00bfPARA QU\u00c9 UTILIZAMOS COOKIES Y TRATAMOS DATOS DE NAVEGACI\u00d3N? En esta Web utilizamos cookies. En caso de utilizar nuestra web sin proceder a la desactivaci\u00f3n de las cookies, manifiesta su consentimiento para la instalaci\u00f3n de las mismas. \u00bfQu\u00e9 es una cookie? Una cookie es un fichero que las webs transfieren a los&hellip;","og_url":"https:\/\/festivalbarruguet.com\/ca\/politica-de-cookies\/","og_site_name":"Festival Barruguet","article_modified_time":"2022-04-09T04:20:28+00:00","twitter_card":"summary_large_image","twitter_misc":{"Temps estimat de lectura":"7 minuts"},"schema":{"@context":"https:\/\/schema.org","@graph":[{"@type":"WebPage","@id":"https:\/\/festivalbarruguet.com\/ca\/politica-de-cookies\/","url":"https:\/\/festivalbarruguet.com\/ca\/politica-de-cookies\/","name":"Pol\u00edtica de cookies - Festival Barruguet","isPartOf":{"@id":"https:\/\/festivalbarruguet.com\/ca\/#website"},"datePublished":"2022-04-04T18:10:39+00:00","dateModified":"2022-04-09T04:20:28+00:00","breadcrumb":{"@id":"https:\/\/festivalbarruguet.com\/ca\/politica-de-cookies\/#breadcrumb"},"inLanguage":"ca","potentialAction":[{"@type":"ReadAction","target":["https:\/\/festivalbarruguet.com\/ca\/politica-de-cookies\/"]}]},{"@type":"BreadcrumbList","@id":"https:\/\/festivalbarruguet.com\/ca\/politica-de-cookies\/#breadcrumb","itemListElement":[{"@type":"ListItem","position":1,"name":"Inici","item":"https:\/\/festivalbarruguet.com\/ca\/"},{"@type":"ListItem","position":2,"name":"Pol\u00edtica de cookies"}]},{"@type":"WebSite","@id":"https:\/\/festivalbarruguet.com\/ca\/#website","url":"https:\/\/festivalbarruguet.com\/ca\/","name":"Festival Barruguet","description":"Festival de Teatre Familiar a Santa Eul\u00e0ria des Riu","potentialAction":[{"@type":"SearchAction","target":{"@type":"EntryPoint","urlTemplate":"https:\/\/festivalbarruguet.com\/ca\/?s={search_term_string}"},"query-input":"required name=search_term_string"}],"inLanguage":"ca"}]}},"_links":{"self":[{"href":"https:\/\/festivalbarruguet.com\/ca\/wp-json\/wp\/v2\/pages\/2429","targetHints":{"allow":["GET"]}}],"collection":[{"href":"https:\/\/festivalbarruguet.com\/ca\/wp-json\/wp\/v2\/pages"}],"about":[{"href":"https:\/\/festivalbarruguet.com\/ca\/wp-json\/wp\/v2\/types\/page"}],"author":[{"embeddable":true,"href":"https:\/\/festivalbarruguet.com\/ca\/wp-json\/wp\/v2\/users\/1"}],"replies":[{"embeddable":true,"href":"https:\/\/festivalbarruguet.com\/ca\/wp-json\/wp\/v2\/comments?post=2429"}],"version-history":[{"count":3,"href":"https:\/\/festivalbarruguet.com\/ca\/wp-json\/wp\/v2\/pages\/2429\/revisions"}],"predecessor-version":[{"id":2528,"href":"https:\/\/festivalbarruguet.com\/ca\/wp-json\/wp\/v2\/pages\/2429\/revisions\/2528"}],"wp:attachment":[{"href":"https:\/\/festivalbarruguet.com\/ca\/wp-json\/wp\/v2\/media?parent=2429"}],"wp:term":[{"taxonomy":"folder","embeddable":true,"href":"https:\/\/festivalbarruguet.com\/ca\/wp-json\/wp\/v2\/folder?post=2429"}],"curies":[{"name":"wp","href":"https:\/\/api.w.org\/{rel}","templated":true}]}}