{"id":2432,"date":"2022-04-04T20:11:53","date_gmt":"2022-04-04T18:11:53","guid":{"rendered":"https:\/\/festivalbarruguet.com\/?page_id=2432"},"modified":"2022-04-26T17:30:56","modified_gmt":"2022-04-26T15:30:56","slug":"avis-legal","status":"publish","type":"page","link":"https:\/\/festivalbarruguet.com\/ca\/avis-legal\/","title":{"rendered":"Av\u00eds legal"},"content":{"rendered":"\n\n\t<p><strong>NOTA LEGAL I CONDICIONS GENERALS D&#8217;\u00daS DEL LLOC WEB<\/strong><\/p>\n<p>www.festivalbarruguet.com<\/p>\n<p>&nbsp;<\/p>\n<p>L&#8217; acc\u00e9s a aquesta web atribueix la condici\u00f3 d&#8217;USUARI i implica l&#8217;acceptaci\u00f3 plena i sense reserva, des de dit acc\u00e9s i\/o \u00fas, de la present nota legal i de la pol\u00edtica de privacitat en la seua \u00faltima versi\u00f3. Per aix\u00f2, us aconsellam que llegiu aquests documents, abans d&#8217;utilitzar les funcionalitats ofertes per aquest lloc web, aix\u00ed com cada vegada que hi accediu, ja que ens reservam el dret de canviar, modificar, afegir o eliminar en qualsevol moment part d&#8217;aquestes condicions.<\/p>\n<ol>\n<li><strong> TITULAR DEL WEB<\/strong><\/li>\n<\/ol>\n<p>Als efectes del que preveu l&#8217;article 10 de la Llei 34\/2002, d&#8217;11 de juliol, de serveis de la societat de la informaci\u00f3 i de comer\u00e7 electr\u00f2nic, es proporciona la seg\u00fcent informaci\u00f3 sobre la titular d&#8217;aquesta web:<\/p>\n&#8211; <strong>Titular de la Web: <\/strong>AJUNTAMENT DE SANTA EUL\u00c0RIA DES RIU (d&#8217; ara endavant L&#8217;AJUNTAMENT)<br \/>\n&#8211; <strong>Domicili social: <\/strong>Pla\u00e7a d&#8217;Espanya n\u00fam. 1, 07840 &#8211; Santa Eul\u00e0ria des Riu (Illes Balears), Espanya<br \/>\n&#8211; <strong>CIF <\/strong>P-0705400J\n<p>A m\u00e9s del domicili social, es posa a disposici\u00f3 dels usuaris els seg\u00fcents canals per dirigir les vostres peticions, q\u00fcestions o reclamacions :<\/p>\n&#8211; Tel\u00e8fon: +34 971 33 96 69<br \/>\n&#8211; E-mail: cultura@santaeularia.com.\n<ol>\n<li><strong> CONDICIONS D&#8217;\u00daS<\/strong><\/li>\n<li><strong> Introducci\u00f3. <\/strong>Aquesta web ofereix informaci\u00f3 i serveis prove\u00efts per l&#8217;AJUNTAMENT i pot en determinats casos accedir a aquests serveis directament en l\u00ednia. Accedint i utilitzant aquesta web, acordau obligar-vos a les condicions que a continuaci\u00f3 s&#8217;exposen, per la qual cosa us recomanam que llegiu acuradament aquesta secci\u00f3 abans d&#8217;iniciar la vostra navegaci\u00f3 .<\/li>\n<li><strong> Obligacions dels usuaris. <\/strong>Els usuaris es comprometen a utilitzar aquesta web de forma l\u00edcita, d&#8217;acord amb el que disposen les presents condicions i de manera que no produeixin un perjudici en els drets o interessos de l&#8217;AJUNTAMENT o de tercers. A t\u00edtol enunciatiu i en cap cas limitatiu o excloent, l&#8217;usuari es compromet igualment a:<\/li>\n<\/ol>\n&#8211; No inc\u00f3rrer en activitats il\u00b7legals o contr\u00e0ries a l&#8217;ordre p\u00fablic o a la bona fe.<br \/>\n&#8211; No utilitzar les dades publicades a la web per a l&#8217;enviament de comunicacions no sol\u00b7licitades (spam).<br \/>\n&#8211; No introduir o difondre a la web informaci\u00f3 o continguts falsos, enganyosos, ambigus o inexactes de manera que indueixin a error als receptors de la informaci\u00f3, ni tampoc difondre continguts de car\u00e0cter racista, xen\u00f2fob, pornogr\u00e0fic, d&#8217;apologia del terrorisme o atemptatori contra els drets humans o dels menors.<br \/>\n&#8211; No realitzar accions que suposin o comportin una violaci\u00f3 dels drets de propietat intel\u00b7lectual de l&#8217;AJUNTAMENT o de tercers.<br \/>\n&#8211; No provocar danys als sistemes f\u00edsics i l\u00f2gics de l&#8217;AJUNTAMENT, dels seus prove\u00efdors o de terceres persones;<br \/>\n&#8211; No introduir o difondre a la xarxa virus inform\u00e0tics o utilitzar qualssevol altres sistemes f\u00edsics o l\u00f2gics que siguin susceptibles de provocar els danys anteriorment esmentats .<br \/>\n&#8211; No suprimir, alterar, eludir o manipular qualsevol dispositiu de protecci\u00f3 o sistema de seguretat que estigu\u00e9s instal\u00b7lat a les p\u00e0gines d&#8217;aquesta Web.\n<ol start=\"3\">\n<li><strong> Exclusi\u00f3 de responsabilitat. <\/strong>Aquesta web es proporciona &#8220;tal com est\u00e0&#8221; i el seu \u00fas es realitza sota el propi risc de l&#8217;usuari, per la qual cosa, ni l&#8217;AJUNTAMENT, ni els seus administradors, treballadors, prove\u00efdors o col\u00b7laboradors seran responsables pels danys, de qualsevol naturalesa, directes o no, que derivin de l&#8217;\u00fas de la web, excloent expressament l&#8217;AJUNTAMENT, en tota la mesura prevista per la Llei, de qualsevol tipus de garanties, ja siguin expresses o impl\u00edcites.<br \/>\nL&#8217;AJUNTAMENT no garanteix la disponibilitat i accessibilitat de la web, si b\u00e9 realitzar\u00e0 tots els esfor\u00e7os que siguin raonables en aquest sentit. De vegades, podran produir-se interrupcions pel temps que resulti necessari per a la realitzaci\u00f3 de les corresponents operacions de manteniment .<br \/>\nL&#8217;AJUNTAMENT no es responsabilitza de possibles danys derivats d&#8217;interfer\u00e8ncies, interrupcions, virus inform\u00e0tics, avaries telef\u00f2niques o desconnexions telef\u00f2niques motivades per causes alienes a l&#8217;esmentada entitat; de retards o bloquejos en l&#8217;\u00fas del present sistema electr\u00f2nic causats per defici\u00e8ncies o sobrec\u00e0rregues al centre processador de dades, de l\u00ednies telef\u00f2niques, al sistema d&#8217;Internet o en altres sistemes el\u00e8ctrics; ni tampoc de qualsevol una altra alteraci\u00f3 que es pugui produir al programari o maquinari dels usuaris. Tampoc garanteix l&#8217;abs\u00e8ncia de virus, malwares, troians o altres elements que puguin produir alteracions en el sistema inform\u00e0tic, documents o fitxers de l&#8217;usuari, excloent qualsevol responsabilitat pels danys de qualsevol classe causats a l&#8217;usuari per aquest motiu. De la mateixa manera, l&#8217;AJUNTAMENT no respondr\u00e0 pels danys causats per terceres persones mitjan\u00e7ant intromissions il\u00b7leg\u00edtimes fora del seu control.<br \/>\nTampoc respondr\u00e0 dels danys i perjudicis causats per l&#8217;\u00fas o mala utilitzaci\u00f3 dels continguts de la web, ni per les conseq\u00fc\u00e8ncies que poguessin derivar-se dels errors, defectes o omissions en els continguts que poguessin apar\u00e8ixer en aquesta web proporcionats pels propis usuaris o altres tercers. L&#8217;AJUNTAMENT no assumeix obligaci\u00f3 ni cap responsabilitat respecte d&#8217;aquells serveis que no presti directament.<\/li>\n<li><strong> Enlla\u00e7os externs. <\/strong>En cap cas l&#8217;AJUNTAMENT no assumir\u00e0 cap responsabilitat pels continguts dels enlla\u00e7os pertanyents a un lloc web ali\u00e8, ni garantir\u00e0 la disponibilitat t\u00e8cnica, qualitat, fiabilitat, exactitud, amplitud, veracitat, validesa i legalitat de qualsevol material o informaci\u00f3 continguda en cap de dits hipervincles o altres llocs d&#8217;internet. Igualment, la inclusi\u00f3 d&#8217;aquestes connexions externes no implicar\u00e0 cap tipus d&#8217;associaci\u00f3, fusi\u00f3 o participaci\u00f3 amb les entitats connectades.<\/li>\n<li><strong> Tractament de dades personals . <\/strong>Els usuaris consenten el tractament de les seues dades personals amb l&#8217;abast i en els termes que s&#8217;indiquen en la nostra pol\u00edtica de privadesa, que est\u00e0 disponible a la p\u00e0gina d&#8217;inici de la web, i queda aix\u00ed mateix aquesta pol\u00edtica incorporada a les presents condicions per refer\u00e8ncia. En aquesta pol\u00edtica, els usuaris trobaran informaci\u00f3 sobre la manera d&#8217;exercitar els seus drets d&#8217;acc\u00e9s, cancel\u00b7laci\u00f3 i rectificaci\u00f3 de la seua informaci\u00f3 personal, aix\u00ed com el d&#8217;oposici\u00f3 al seu tractament .<\/li>\n<li><strong> Propietat intel\u00b7lectual i drets d&#8217;autor.<\/strong>Sens perjudici dels continguts sobre els quals tercers ostentin drets intel\u00b7lectuals, els drets de propietat intel\u00b7lectual de la web, el nom de domini, el seu codi font, disseny i estructura de navegaci\u00f3 i elements continguts (a t\u00edtol enunciatiu, imatges, so, \u00e0udio, v\u00eddeo, programari, o textos; marques o logotips , combinacions de colors, estructura i disseny, etc.) s\u00f3n titularitat de l&#8217;AJUNTAMENT, a qui correspon l&#8217;exercici exclusiu dels drets d&#8217;explotaci\u00f3 dels mateixos en qualsevol forma, i, en especial els drets de reproducci\u00f3, distribuci\u00f3, comunicaci\u00f3 p\u00fablica i transformaci\u00f3, conforme al que preveu la Llei de propietat intel\u00b7lectual vigent. Queden expressament prohibides la reproducci\u00f3, distribuci\u00f3 i comunicaci\u00f3 p\u00fablica, inclosa la seua modalitat de posada a disposici\u00f3, de la totalitat o part dels continguts d&#8217;aquesta web a qualsevol suport i per qualsevol mitj\u00e0 t\u00e8cnic, sense l&#8217;autoritzaci\u00f3 de l&#8217;AJUNTAMENT o, si escau, dels tercers que ostenten els drets de propietat intel\u00b7lectual o d&#8217;autor sobre els continguts afectats. No obstant aix\u00f2, l&#8217;usuari de la web podr\u00e0 visualitzar els elements d&#8217;aquesta web i fins i tot imprimir- los, copiar-los i emmagatzemar-los al disc dur del seu ordinador o a qualsevol altre suport f\u00edsic sempre que sigui, \u00fanicament i exclusivament, per al seu \u00fas personal i privat. Aquelles entitats o persones que, pr\u00e8via autoritzaci\u00f3 del titular d&#8217;aquesta web, pretenguin establir un enlla\u00e7 amb ella, hauran de garantir que \u00fanicament permeten l&#8217;acc\u00e9s a aquesta web o servei per\u00f2 que no realitzen reproducci\u00f3 dels seus continguts i serveis.<\/li>\n<li><strong> Nul\u00b7litat de les cl\u00e0usules. <\/strong>En cas que una cl\u00e0usula de les presents condicions d&#8217;\u00fas fos declarada nul\u00b7la, nom\u00e9s afectar\u00e0 aquesta disposici\u00f3 o a aquella part que aix\u00ed hagi set declarada, i subsistiran les condicions en tota la resta i es tendr\u00e0 aquesta disposici\u00f3, o la part afectada, per no posada.<\/li>\n<li><strong> Acceptaci\u00f3. <\/strong>L&#8217;acc\u00e9s a la web i la seua utilitzaci\u00f3 impliquen necess\u00e0riament que acceptau expressament totes i cadascuna de les presents condicions d&#8217;\u00fas.<\/li>\n<li><strong> Llei i jurisdicci\u00f3 aplicables. <\/strong>Aquesta web es regir\u00e0 per la llei espanyola amb exclusi\u00f3 de les seves regles de conflicte de llei i qualsevol controv\u00e8rsia que pogu\u00e9s derivar-se de la seua utilitzaci\u00f3 o dels serveis vinculats a la mateixa se sotmetr\u00e0 a la jurisdicci\u00f3 i compet\u00e8ncia dels Jutjats i Tribunals d&#8217;Eivissa, renunciant expressament els usuaris al seu fur propi si el tenguessin.<br \/>\nLa Comissi\u00f3 Europea facilita una plataforma de resoluci\u00f3 de litigis en l\u00ednia adre\u00e7ada als consumidors, i s&#8217;hi pot accedir mitjan\u00e7ant l&#8217;enlla\u00e7 seg\u00fcent: https:\/\/webgate.ec.europa.eu\/odr\/main\/index.cfm?event=main.home.chooseLanguage<\/li>\n<\/ol>\n<p>Versi\u00f3 1.0 &#8211; febrer 2018<\/p>\n\n","protected":false},"excerpt":{"rendered":"<p>NOTA LEGAL I CONDICIONS GENERALS D&#8217;\u00daS DEL LLOC WEB www.festivalbarruguet.com &nbsp; L&#8217; acc\u00e9s a aquesta web atribueix la condici\u00f3 d&#8217;USUARI i implica l&#8217;acceptaci\u00f3 plena i sense reserva, des de dit acc\u00e9s i\/o \u00fas, de la present nota legal i de la pol\u00edtica de privacitat en la seua \u00faltima versi\u00f3. Per aix\u00f2, us aconsellam que llegiu&hellip;<\/p>\n","protected":false},"author":1,"featured_media":0,"parent":0,"menu_order":0,"comment_status":"closed","ping_status":"open","template":"","meta":{"footnotes":""},"folder":[],"class_list":["post-2432","page","type-page","status-publish","hentry"],"yoast_head":"<!-- This site is optimized with the Yoast SEO plugin v22.4 - https:\/\/yoast.com\/wordpress\/plugins\/seo\/ -->\n<title>Av\u00eds legal - Festival Barruguet<\/title>\n<meta name=\"robots\" content=\"index, follow, max-snippet:-1, max-image-preview:large, max-video-preview:-1\" \/>\n<link rel=\"canonical\" href=\"https:\/\/festivalbarruguet.com\/ca\/avis-legal\/\" \/>\n<meta property=\"og:locale\" content=\"ca_ES\" \/>\n<meta property=\"og:type\" content=\"article\" \/>\n<meta property=\"og:title\" content=\"Av\u00eds legal - Festival Barruguet\" \/>\n<meta property=\"og:description\" content=\"NOTA LEGAL I CONDICIONS GENERALS D&#8217;\u00daS DEL LLOC WEB www.festivalbarruguet.com &nbsp; L&#8217; acc\u00e9s a aquesta web atribueix la condici\u00f3 d&#8217;USUARI i implica l&#8217;acceptaci\u00f3 plena i sense reserva, des de dit acc\u00e9s i\/o \u00fas, de la present nota legal i de la pol\u00edtica de privacitat en la seua \u00faltima versi\u00f3. Per aix\u00f2, us aconsellam que llegiu&hellip;\" \/>\n<meta property=\"og:url\" content=\"https:\/\/festivalbarruguet.com\/ca\/avis-legal\/\" \/>\n<meta property=\"og:site_name\" content=\"Festival Barruguet\" \/>\n<meta property=\"article:modified_time\" content=\"2022-04-26T15:30:56+00:00\" \/>\n<meta name=\"twitter:card\" content=\"summary_large_image\" \/>\n<meta name=\"twitter:label1\" content=\"Temps estimat de lectura\" \/>\n\t<meta name=\"twitter:data1\" content=\"7 minuts\" \/>\n<script type=\"application\/ld+json\" class=\"yoast-schema-graph\">{\"@context\":\"https:\/\/schema.org\",\"@graph\":[{\"@type\":\"WebPage\",\"@id\":\"https:\/\/festivalbarruguet.com\/ca\/avis-legal\/\",\"url\":\"https:\/\/festivalbarruguet.com\/ca\/avis-legal\/\",\"name\":\"Av\u00eds legal - Festival Barruguet\",\"isPartOf\":{\"@id\":\"https:\/\/festivalbarruguet.com\/ca\/#website\"},\"datePublished\":\"2022-04-04T18:11:53+00:00\",\"dateModified\":\"2022-04-26T15:30:56+00:00\",\"breadcrumb\":{\"@id\":\"https:\/\/festivalbarruguet.com\/ca\/avis-legal\/#breadcrumb\"},\"inLanguage\":\"ca\",\"potentialAction\":[{\"@type\":\"ReadAction\",\"target\":[\"https:\/\/festivalbarruguet.com\/ca\/avis-legal\/\"]}]},{\"@type\":\"BreadcrumbList\",\"@id\":\"https:\/\/festivalbarruguet.com\/ca\/avis-legal\/#breadcrumb\",\"itemListElement\":[{\"@type\":\"ListItem\",\"position\":1,\"name\":\"Inici\",\"item\":\"https:\/\/festivalbarruguet.com\/ca\/\"},{\"@type\":\"ListItem\",\"position\":2,\"name\":\"Av\u00eds legal\"}]},{\"@type\":\"WebSite\",\"@id\":\"https:\/\/festivalbarruguet.com\/ca\/#website\",\"url\":\"https:\/\/festivalbarruguet.com\/ca\/\",\"name\":\"Festival Barruguet\",\"description\":\"Festival de Teatre Familiar a Santa Eul\u00e0ria des Riu\",\"potentialAction\":[{\"@type\":\"SearchAction\",\"target\":{\"@type\":\"EntryPoint\",\"urlTemplate\":\"https:\/\/festivalbarruguet.com\/ca\/?s={search_term_string}\"},\"query-input\":\"required name=search_term_string\"}],\"inLanguage\":\"ca\"}]}<\/script>\n<!-- \/ Yoast SEO plugin. -->","yoast_head_json":{"title":"Av\u00eds legal - Festival Barruguet","robots":{"index":"index","follow":"follow","max-snippet":"max-snippet:-1","max-image-preview":"max-image-preview:large","max-video-preview":"max-video-preview:-1"},"canonical":"https:\/\/festivalbarruguet.com\/ca\/avis-legal\/","og_locale":"ca_ES","og_type":"article","og_title":"Av\u00eds legal - Festival Barruguet","og_description":"NOTA LEGAL I CONDICIONS GENERALS D&#8217;\u00daS DEL LLOC WEB www.festivalbarruguet.com &nbsp; L&#8217; acc\u00e9s a aquesta web atribueix la condici\u00f3 d&#8217;USUARI i implica l&#8217;acceptaci\u00f3 plena i sense reserva, des de dit acc\u00e9s i\/o \u00fas, de la present nota legal i de la pol\u00edtica de privacitat en la seua \u00faltima versi\u00f3. Per aix\u00f2, us aconsellam que llegiu&hellip;","og_url":"https:\/\/festivalbarruguet.com\/ca\/avis-legal\/","og_site_name":"Festival Barruguet","article_modified_time":"2022-04-26T15:30:56+00:00","twitter_card":"summary_large_image","twitter_misc":{"Temps estimat de lectura":"7 minuts"},"schema":{"@context":"https:\/\/schema.org","@graph":[{"@type":"WebPage","@id":"https:\/\/festivalbarruguet.com\/ca\/avis-legal\/","url":"https:\/\/festivalbarruguet.com\/ca\/avis-legal\/","name":"Av\u00eds legal - Festival Barruguet","isPartOf":{"@id":"https:\/\/festivalbarruguet.com\/ca\/#website"},"datePublished":"2022-04-04T18:11:53+00:00","dateModified":"2022-04-26T15:30:56+00:00","breadcrumb":{"@id":"https:\/\/festivalbarruguet.com\/ca\/avis-legal\/#breadcrumb"},"inLanguage":"ca","potentialAction":[{"@type":"ReadAction","target":["https:\/\/festivalbarruguet.com\/ca\/avis-legal\/"]}]},{"@type":"BreadcrumbList","@id":"https:\/\/festivalbarruguet.com\/ca\/avis-legal\/#breadcrumb","itemListElement":[{"@type":"ListItem","position":1,"name":"Inici","item":"https:\/\/festivalbarruguet.com\/ca\/"},{"@type":"ListItem","position":2,"name":"Av\u00eds legal"}]},{"@type":"WebSite","@id":"https:\/\/festivalbarruguet.com\/ca\/#website","url":"https:\/\/festivalbarruguet.com\/ca\/","name":"Festival Barruguet","description":"Festival de Teatre Familiar a Santa Eul\u00e0ria des Riu","potentialAction":[{"@type":"SearchAction","target":{"@type":"EntryPoint","urlTemplate":"https:\/\/festivalbarruguet.com\/ca\/?s={search_term_string}"},"query-input":"required name=search_term_string"}],"inLanguage":"ca"}]}},"_links":{"self":[{"href":"https:\/\/festivalbarruguet.com\/ca\/wp-json\/wp\/v2\/pages\/2432","targetHints":{"allow":["GET"]}}],"collection":[{"href":"https:\/\/festivalbarruguet.com\/ca\/wp-json\/wp\/v2\/pages"}],"about":[{"href":"https:\/\/festivalbarruguet.com\/ca\/wp-json\/wp\/v2\/types\/page"}],"author":[{"embeddable":true,"href":"https:\/\/festivalbarruguet.com\/ca\/wp-json\/wp\/v2\/users\/1"}],"replies":[{"embeddable":true,"href":"https:\/\/festivalbarruguet.com\/ca\/wp-json\/wp\/v2\/comments?post=2432"}],"version-history":[{"count":4,"href":"https:\/\/festivalbarruguet.com\/ca\/wp-json\/wp\/v2\/pages\/2432\/revisions"}],"predecessor-version":[{"id":2551,"href":"https:\/\/festivalbarruguet.com\/ca\/wp-json\/wp\/v2\/pages\/2432\/revisions\/2551"}],"wp:attachment":[{"href":"https:\/\/festivalbarruguet.com\/ca\/wp-json\/wp\/v2\/media?parent=2432"}],"wp:term":[{"taxonomy":"folder","embeddable":true,"href":"https:\/\/festivalbarruguet.com\/ca\/wp-json\/wp\/v2\/folder?post=2432"}],"curies":[{"name":"wp","href":"https:\/\/api.w.org\/{rel}","templated":true}]}}