{"id":38,"date":"2023-04-14T21:38:00","date_gmt":"2023-04-14T19:38:00","guid":{"rendered":"https:\/\/festivalbarruguet.com\/?page_id=38"},"modified":"2026-04-25T16:52:31","modified_gmt":"2026-04-25T14:52:31","slug":"inici","status":"publish","type":"page","link":"https:\/\/festivalbarruguet.com\/ca\/","title":{"rendered":"Inici"},"content":{"rendered":"\n\n\t\t\t\t\t\t\t\t<a href=\"\/pdf\/programa-2026.pdf\" target=\"_blank\" itemprop=\"url\" rel=\"noopener\">\n\t\t\t\t\t\t\t\t\t<img loading=\"lazy\" decoding=\"async\" src=\"https:\/\/festivalbarruguet.com\/wp-content\/uploads\/2022\/03\/0001_Capa-1.png\" alt=\"_0001_Capa-1\" itemprop=\"image\" height=\"186\" width=\"225\" title=\"_0001_Capa-1\" onerror=\"this.style.display='none'\"  \/>\n\t\t\t\t\t\t\t\t\t\t\t\t\t<\/a>\n\t<p><a href=\"\/pdf\/programa-2026.pdf\" target=\"_blank\" rel=\"noopener\">PROGRAMA 2026<\/a><\/p>\n\t\t\t\t\t\t\t\t<a href=\"\/pdf\/programa-abreviat-2026.pdf\" target=\"_blank\" itemprop=\"url\" rel=\"noopener\">\n\t\t\t\t\t\t\t\t\t<img loading=\"lazy\" decoding=\"async\" src=\"https:\/\/festivalbarruguet.com\/wp-content\/uploads\/2022\/03\/0001_Capa-1.png\" alt=\"_0001_Capa-1\" itemprop=\"image\" height=\"186\" width=\"225\" title=\"_0001_Capa-1\" onerror=\"this.style.display='none'\"  \/>\n\t\t\t\t\t\t\t\t\t\t\t\t\t<\/a>\n\t<p><a href=\"\/pdf\/programa-abreviat-2026.pdf\" target=\"_blank\" rel=\"noopener\">PROGRAMA ABREVIAT 2026<\/a><\/p>\n\t\t\t\t\t\t\t\t\t<img loading=\"lazy\" decoding=\"async\" src=\"https:\/\/festivalbarruguet.com\/wp-content\/uploads\/2025\/04\/fvbarruguet.jpg\" alt=\"fvbarruguet\" itemprop=\"image\" height=\"389\" width=\"700\" srcset=\"https:\/\/festivalbarruguet.com\/wp-content\/uploads\/2025\/04\/fvbarruguet.jpg 700w, https:\/\/festivalbarruguet.com\/wp-content\/uploads\/2025\/04\/fvbarruguet-300x167.jpg 300w\" sizes=\"auto, (max-width: 700px) 100vw, 700px\" title=\"fvbarruguet\" onerror=\"this.style.display='none'\"  \/>\n\t<p><a href=\"\/ca\/edicions-anteriors\/fotos-2025\/\">GALERIA 2025<\/a><\/p>\n\t\t\t\t\t\t\t\t<a href=\"\/ca\/edicions-anteriors\/fotos-2025\/\" target=\"_self\" itemprop=\"url\">\n\t\t\t\t\t\t\t\t\t<img loading=\"lazy\" decoding=\"async\" src=\"https:\/\/festivalbarruguet.com\/wp-content\/uploads\/2022\/03\/fotos.png\" alt=\"fotos\" itemprop=\"image\" height=\"191\" width=\"232\" title=\"fotos\" onerror=\"this.style.display='none'\"  \/>\n\t\t\t\t\t\t\t\t\t\t\t\t\t<\/a>\n\t\t\t\t\t\t\t\t<a href=\"\/ca\/edicions-anteriors\/fotos-2025\/\" target=\"_self\" itemprop=\"url\">\n\t\t\t\t\t\t\t\t\t<img loading=\"lazy\" decoding=\"async\" src=\"https:\/\/festivalbarruguet.com\/wp-content\/uploads\/2026\/04\/collage-barruguet-2025.jpg\" alt=\"collage-barruguet-2025\" itemprop=\"image\" height=\"611\" width=\"1100\" srcset=\"https:\/\/festivalbarruguet.com\/wp-content\/uploads\/2026\/04\/collage-barruguet-2025.jpg 1100w, https:\/\/festivalbarruguet.com\/wp-content\/uploads\/2026\/04\/collage-barruguet-2025-300x167.jpg 300w, https:\/\/festivalbarruguet.com\/wp-content\/uploads\/2026\/04\/collage-barruguet-2025-1024x569.jpg 1024w, https:\/\/festivalbarruguet.com\/wp-content\/uploads\/2026\/04\/collage-barruguet-2025-768x427.jpg 768w\" sizes=\"auto, (max-width: 1100px) 100vw, 1100px\" title=\"collage-barruguet-2025\" onerror=\"this.style.display='none'\"  \/>\n\t\t\t\t\t\t\t\t\t\t\t\t\t<\/a>\n\t<p>Arriba la dotzena edici\u00f3 del Festival Barruguet amb m\u00e9s il\u00b7lusi\u00f3 que mai. Teatre, dansa, m\u00fasica i circ us esperen a Santa Eul\u00e0ria per passar en fam\u00edlia un magn\u00edfic cap de setmana ple de rialles i emocions. Enguany el barruguet regalar\u00e0 una gorra als infants* que assisteixin als espectacles.<\/p>\n<p>( *Infants fins a 12 anys i fins a esgotar exist\u00e8ncies. )<\/p>\n\n","protected":false},"excerpt":{"rendered":"<p>PROGRAMA 2026 PROGRAMA ABREVIAT 2026 GALERIA 2025 Arriba la dotzena edici\u00f3 del Festival Barruguet amb m\u00e9s il\u00b7lusi\u00f3 que mai. Teatre, dansa, m\u00fasica i circ us esperen a Santa Eul\u00e0ria per passar en fam\u00edlia un magn\u00edfic cap de setmana ple de rialles i emocions. Enguany el barruguet regalar\u00e0 una gorra als infants* que assisteixin als espectacles.&hellip;<\/p>\n","protected":false},"author":1,"featured_media":3626,"parent":0,"menu_order":0,"comment_status":"closed","ping_status":"closed","template":"","meta":{"footnotes":""},"folder":[],"class_list":["post-38","page","type-page","status-publish","has-post-thumbnail","hentry"],"yoast_head":"<!-- This site is optimized with the Yoast SEO plugin v27.4 - https:\/\/yoast.com\/product\/yoast-seo-wordpress\/ -->\n<title>2025 - Festival Barruguet<\/title>\n<meta name=\"description\" content=\"El Festival Barruguet de Teatre Familiar se celebra cada any a Santa Eul\u00e0ria des Riu (Eivissa). Tres dies de cultura, m\u00e0gia i diversi\u00f3.\" \/>\n<meta name=\"robots\" content=\"index, follow, max-snippet:-1, max-image-preview:large, max-video-preview:-1\" \/>\n<link rel=\"canonical\" href=\"https:\/\/festivalbarruguet.com\/ca\/\" \/>\n<meta property=\"og:locale\" content=\"ca_ES\" \/>\n<meta property=\"og:type\" content=\"article\" \/>\n<meta property=\"og:title\" content=\"2025 - Festival Barruguet\" \/>\n<meta property=\"og:description\" content=\"El Festival Barruguet de Teatre Familiar se celebra cada any a Santa Eul\u00e0ria des Riu (Eivissa). Tres dies de cultura, m\u00e0gia i diversi\u00f3.\" \/>\n<meta property=\"og:url\" content=\"https:\/\/festivalbarruguet.com\/ca\/\" \/>\n<meta property=\"og:site_name\" content=\"Festival Barruguet\" \/>\n<meta property=\"article:modified_time\" content=\"2026-04-25T14:52:31+00:00\" \/>\n<meta property=\"og:image\" content=\"https:\/\/festivalbarruguet.com\/wp-content\/uploads\/2025\/04\/cropped-favicon.jpg\" \/>\n\t<meta property=\"og:image:width\" content=\"512\" \/>\n\t<meta property=\"og:image:height\" content=\"512\" \/>\n\t<meta property=\"og:image:type\" content=\"image\/jpeg\" \/>\n<meta name=\"twitter:card\" content=\"summary_large_image\" \/>\n<meta name=\"twitter:label1\" content=\"Temps estimat de lectura\" \/>\n\t<meta name=\"twitter:data1\" content=\"2 minuts\" \/>\n<script type=\"application\/ld+json\" class=\"yoast-schema-graph\">{\"@context\":\"https:\\\/\\\/schema.org\",\"@graph\":[{\"@type\":\"WebPage\",\"@id\":\"https:\\\/\\\/festivalbarruguet.com\\\/ca\\\/\",\"url\":\"https:\\\/\\\/festivalbarruguet.com\\\/ca\\\/\",\"name\":\"2025 - Festival Barruguet\",\"isPartOf\":{\"@id\":\"https:\\\/\\\/festivalbarruguet.com\\\/ca\\\/#website\"},\"primaryImageOfPage\":{\"@id\":\"https:\\\/\\\/festivalbarruguet.com\\\/ca\\\/#primaryimage\"},\"image\":{\"@id\":\"https:\\\/\\\/festivalbarruguet.com\\\/ca\\\/#primaryimage\"},\"thumbnailUrl\":\"https:\\\/\\\/festivalbarruguet.com\\\/wp-content\\\/uploads\\\/2025\\\/04\\\/cropped-favicon.jpg\",\"datePublished\":\"2023-04-14T19:38:00+00:00\",\"dateModified\":\"2026-04-25T14:52:31+00:00\",\"description\":\"El Festival Barruguet de Teatre Familiar se celebra cada any a Santa Eul\u00e0ria des Riu (Eivissa). Tres dies de cultura, m\u00e0gia i diversi\u00f3.\",\"breadcrumb\":{\"@id\":\"https:\\\/\\\/festivalbarruguet.com\\\/ca\\\/#breadcrumb\"},\"inLanguage\":\"ca\",\"potentialAction\":[{\"@type\":\"ReadAction\",\"target\":[\"https:\\\/\\\/festivalbarruguet.com\\\/ca\\\/\"]}]},{\"@type\":\"ImageObject\",\"inLanguage\":\"ca\",\"@id\":\"https:\\\/\\\/festivalbarruguet.com\\\/ca\\\/#primaryimage\",\"url\":\"https:\\\/\\\/festivalbarruguet.com\\\/wp-content\\\/uploads\\\/2025\\\/04\\\/cropped-favicon.jpg\",\"contentUrl\":\"https:\\\/\\\/festivalbarruguet.com\\\/wp-content\\\/uploads\\\/2025\\\/04\\\/cropped-favicon.jpg\",\"width\":512,\"height\":512},{\"@type\":\"BreadcrumbList\",\"@id\":\"https:\\\/\\\/festivalbarruguet.com\\\/ca\\\/#breadcrumb\",\"itemListElement\":[{\"@type\":\"ListItem\",\"position\":1,\"name\":\"Inici\",\"item\":\"https:\\\/\\\/festivalbarruguet.com\\\/ca\\\/\"},{\"@type\":\"ListItem\",\"position\":2,\"name\":\"Inici\"}]},{\"@type\":\"WebSite\",\"@id\":\"https:\\\/\\\/festivalbarruguet.com\\\/ca\\\/#website\",\"url\":\"https:\\\/\\\/festivalbarruguet.com\\\/ca\\\/\",\"name\":\"Festival Barruguet\",\"description\":\"Festival de Teatre Familiar a Santa Eul\u00e0ria des Riu\",\"potentialAction\":[{\"@type\":\"SearchAction\",\"target\":{\"@type\":\"EntryPoint\",\"urlTemplate\":\"https:\\\/\\\/festivalbarruguet.com\\\/ca\\\/?s={search_term_string}\"},\"query-input\":{\"@type\":\"PropertyValueSpecification\",\"valueRequired\":true,\"valueName\":\"search_term_string\"}}],\"inLanguage\":\"ca\"}]}<\/script>\n<!-- \/ Yoast SEO plugin. -->","yoast_head_json":{"title":"2025 - Festival Barruguet","description":"El Festival Barruguet de Teatre Familiar se celebra cada any a Santa Eul\u00e0ria des Riu (Eivissa). Tres dies de cultura, m\u00e0gia i diversi\u00f3.","robots":{"index":"index","follow":"follow","max-snippet":"max-snippet:-1","max-image-preview":"max-image-preview:large","max-video-preview":"max-video-preview:-1"},"canonical":"https:\/\/festivalbarruguet.com\/ca\/","og_locale":"ca_ES","og_type":"article","og_title":"2025 - Festival Barruguet","og_description":"El Festival Barruguet de Teatre Familiar se celebra cada any a Santa Eul\u00e0ria des Riu (Eivissa). Tres dies de cultura, m\u00e0gia i diversi\u00f3.","og_url":"https:\/\/festivalbarruguet.com\/ca\/","og_site_name":"Festival Barruguet","article_modified_time":"2026-04-25T14:52:31+00:00","og_image":[{"width":512,"height":512,"url":"https:\/\/festivalbarruguet.com\/wp-content\/uploads\/2025\/04\/cropped-favicon.jpg","type":"image\/jpeg"}],"twitter_card":"summary_large_image","twitter_misc":{"Temps estimat de lectura":"2 minuts"},"schema":{"@context":"https:\/\/schema.org","@graph":[{"@type":"WebPage","@id":"https:\/\/festivalbarruguet.com\/ca\/","url":"https:\/\/festivalbarruguet.com\/ca\/","name":"2025 - Festival Barruguet","isPartOf":{"@id":"https:\/\/festivalbarruguet.com\/ca\/#website"},"primaryImageOfPage":{"@id":"https:\/\/festivalbarruguet.com\/ca\/#primaryimage"},"image":{"@id":"https:\/\/festivalbarruguet.com\/ca\/#primaryimage"},"thumbnailUrl":"https:\/\/festivalbarruguet.com\/wp-content\/uploads\/2025\/04\/cropped-favicon.jpg","datePublished":"2023-04-14T19:38:00+00:00","dateModified":"2026-04-25T14:52:31+00:00","description":"El Festival Barruguet de Teatre Familiar se celebra cada any a Santa Eul\u00e0ria des Riu (Eivissa). Tres dies de cultura, m\u00e0gia i diversi\u00f3.","breadcrumb":{"@id":"https:\/\/festivalbarruguet.com\/ca\/#breadcrumb"},"inLanguage":"ca","potentialAction":[{"@type":"ReadAction","target":["https:\/\/festivalbarruguet.com\/ca\/"]}]},{"@type":"ImageObject","inLanguage":"ca","@id":"https:\/\/festivalbarruguet.com\/ca\/#primaryimage","url":"https:\/\/festivalbarruguet.com\/wp-content\/uploads\/2025\/04\/cropped-favicon.jpg","contentUrl":"https:\/\/festivalbarruguet.com\/wp-content\/uploads\/2025\/04\/cropped-favicon.jpg","width":512,"height":512},{"@type":"BreadcrumbList","@id":"https:\/\/festivalbarruguet.com\/ca\/#breadcrumb","itemListElement":[{"@type":"ListItem","position":1,"name":"Inici","item":"https:\/\/festivalbarruguet.com\/ca\/"},{"@type":"ListItem","position":2,"name":"Inici"}]},{"@type":"WebSite","@id":"https:\/\/festivalbarruguet.com\/ca\/#website","url":"https:\/\/festivalbarruguet.com\/ca\/","name":"Festival Barruguet","description":"Festival de Teatre Familiar a Santa Eul\u00e0ria des Riu","potentialAction":[{"@type":"SearchAction","target":{"@type":"EntryPoint","urlTemplate":"https:\/\/festivalbarruguet.com\/ca\/?s={search_term_string}"},"query-input":{"@type":"PropertyValueSpecification","valueRequired":true,"valueName":"search_term_string"}}],"inLanguage":"ca"}]}},"_links":{"self":[{"href":"https:\/\/festivalbarruguet.com\/ca\/wp-json\/wp\/v2\/pages\/38","targetHints":{"allow":["GET"]}}],"collection":[{"href":"https:\/\/festivalbarruguet.com\/ca\/wp-json\/wp\/v2\/pages"}],"about":[{"href":"https:\/\/festivalbarruguet.com\/ca\/wp-json\/wp\/v2\/types\/page"}],"author":[{"embeddable":true,"href":"https:\/\/festivalbarruguet.com\/ca\/wp-json\/wp\/v2\/users\/1"}],"replies":[{"embeddable":true,"href":"https:\/\/festivalbarruguet.com\/ca\/wp-json\/wp\/v2\/comments?post=38"}],"version-history":[{"count":52,"href":"https:\/\/festivalbarruguet.com\/ca\/wp-json\/wp\/v2\/pages\/38\/revisions"}],"predecessor-version":[{"id":3842,"href":"https:\/\/festivalbarruguet.com\/ca\/wp-json\/wp\/v2\/pages\/38\/revisions\/3842"}],"wp:featuredmedia":[{"embeddable":true,"href":"https:\/\/festivalbarruguet.com\/ca\/wp-json\/wp\/v2\/media\/3626"}],"wp:attachment":[{"href":"https:\/\/festivalbarruguet.com\/ca\/wp-json\/wp\/v2\/media?parent=38"}],"wp:term":[{"taxonomy":"folder","embeddable":true,"href":"https:\/\/festivalbarruguet.com\/ca\/wp-json\/wp\/v2\/folder?post=38"}],"curies":[{"name":"wp","href":"https:\/\/api.w.org\/{rel}","templated":true}]}}