{"id":45,"date":"2022-03-21T11:05:51","date_gmt":"2022-03-21T09:05:51","guid":{"rendered":"https:\/\/festivalbarruguet.com\/?page_id=45"},"modified":"2025-05-09T12:16:38","modified_gmt":"2025-05-09T10:16:38","slug":"jornades-professionals","status":"publish","type":"page","link":"https:\/\/festivalbarruguet.com\/ca\/jornades-professionals\/","title":{"rendered":"Jornades professionals"},"content":{"rendered":"\n\n\t<p>En el marc del Festival Barruguet de Teatre Familiar s&#8217;organitza cada any un cicle de jornades professionals.<\/p>\n<p>Aquestes jornades tenen com a objectiu obrir un espai de trobada, intercanvi i debat amb els professionals participants en el festival per a les persones que es dediquen a les Piti\u00fcses a qualsevol \u00e0rea de les arts esc\u00e8niques (teatre, circ, m\u00e0gia, narraci\u00f3 oral&#8230;).<\/p>\n<p>La pr\u00f2xima edici\u00f3 d&#8217;aquestes jornades es realitzar\u00e0 els dies 22 i 23 de maig.<\/p>\n<p>Per participar-hi \u00e9s imprescindible la inscripci\u00f3 pr\u00e8via.<\/p>\n<p>Informacio\u0301 i inscripcio\u0301: <a href=\"mailto:cultura@santaeularia.com\">cultura@santaeularia.com<\/a><\/p>\n<a href=\"https:\/\/festivalbarruguet.com\/wp-content\/uploads\/2025\/05\/JORNADES-PROFESSIONALS-CAT.pdf\" target=\"_blank\" rel=\"noopener\">DESCARREGAR PROGRAMA<\/a>\n\n","protected":false},"excerpt":{"rendered":"<p>En el marc del Festival Barruguet de Teatre Familiar s&#8217;organitza cada any un cicle de jornades professionals. Aquestes jornades tenen com a objectiu obrir un espai de trobada, intercanvi i debat amb els professionals participants en el festival per a les persones que es dediquen a les Piti\u00fcses a qualsevol \u00e0rea de les arts esc\u00e8niques&hellip;<\/p>\n","protected":false},"author":1,"featured_media":0,"parent":0,"menu_order":0,"comment_status":"closed","ping_status":"closed","template":"","meta":{"footnotes":""},"folder":[],"class_list":["post-45","page","type-page","status-publish","hentry"],"yoast_head":"<!-- This site is optimized with the Yoast SEO plugin v22.4 - https:\/\/yoast.com\/wordpress\/plugins\/seo\/ -->\n<title>Jornades professionals - Festival Barruguet<\/title>\n<meta name=\"robots\" content=\"index, follow, max-snippet:-1, max-image-preview:large, max-video-preview:-1\" \/>\n<link rel=\"canonical\" href=\"https:\/\/festivalbarruguet.com\/ca\/jornades-professionals\/\" \/>\n<meta property=\"og:locale\" content=\"ca_ES\" \/>\n<meta property=\"og:type\" content=\"article\" \/>\n<meta property=\"og:title\" content=\"Jornades professionals - Festival Barruguet\" \/>\n<meta property=\"og:description\" content=\"En el marc del Festival Barruguet de Teatre Familiar s&#8217;organitza cada any un cicle de jornades professionals. Aquestes jornades tenen com a objectiu obrir un espai de trobada, intercanvi i debat amb els professionals participants en el festival per a les persones que es dediquen a les Piti\u00fcses a qualsevol \u00e0rea de les arts esc\u00e8niques&hellip;\" \/>\n<meta property=\"og:url\" content=\"https:\/\/festivalbarruguet.com\/ca\/jornades-professionals\/\" \/>\n<meta property=\"og:site_name\" content=\"Festival Barruguet\" \/>\n<meta property=\"article:modified_time\" content=\"2025-05-09T10:16:38+00:00\" \/>\n<meta name=\"twitter:card\" content=\"summary_large_image\" \/>\n<script type=\"application\/ld+json\" class=\"yoast-schema-graph\">{\"@context\":\"https:\/\/schema.org\",\"@graph\":[{\"@type\":\"WebPage\",\"@id\":\"https:\/\/festivalbarruguet.com\/ca\/jornades-professionals\/\",\"url\":\"https:\/\/festivalbarruguet.com\/ca\/jornades-professionals\/\",\"name\":\"Jornades professionals - Festival Barruguet\",\"isPartOf\":{\"@id\":\"https:\/\/festivalbarruguet.com\/ca\/#website\"},\"datePublished\":\"2022-03-21T09:05:51+00:00\",\"dateModified\":\"2025-05-09T10:16:38+00:00\",\"breadcrumb\":{\"@id\":\"https:\/\/festivalbarruguet.com\/ca\/jornades-professionals\/#breadcrumb\"},\"inLanguage\":\"ca\",\"potentialAction\":[{\"@type\":\"ReadAction\",\"target\":[\"https:\/\/festivalbarruguet.com\/ca\/jornades-professionals\/\"]}]},{\"@type\":\"BreadcrumbList\",\"@id\":\"https:\/\/festivalbarruguet.com\/ca\/jornades-professionals\/#breadcrumb\",\"itemListElement\":[{\"@type\":\"ListItem\",\"position\":1,\"name\":\"Inici\",\"item\":\"https:\/\/festivalbarruguet.com\/ca\/\"},{\"@type\":\"ListItem\",\"position\":2,\"name\":\"Jornades professionals\"}]},{\"@type\":\"WebSite\",\"@id\":\"https:\/\/festivalbarruguet.com\/ca\/#website\",\"url\":\"https:\/\/festivalbarruguet.com\/ca\/\",\"name\":\"Festival Barruguet\",\"description\":\"Festival de Teatre Familiar a Santa Eul\u00e0ria des Riu\",\"potentialAction\":[{\"@type\":\"SearchAction\",\"target\":{\"@type\":\"EntryPoint\",\"urlTemplate\":\"https:\/\/festivalbarruguet.com\/ca\/?s={search_term_string}\"},\"query-input\":\"required name=search_term_string\"}],\"inLanguage\":\"ca\"}]}<\/script>\n<!-- \/ Yoast SEO plugin. -->","yoast_head_json":{"title":"Jornades professionals - Festival Barruguet","robots":{"index":"index","follow":"follow","max-snippet":"max-snippet:-1","max-image-preview":"max-image-preview:large","max-video-preview":"max-video-preview:-1"},"canonical":"https:\/\/festivalbarruguet.com\/ca\/jornades-professionals\/","og_locale":"ca_ES","og_type":"article","og_title":"Jornades professionals - Festival Barruguet","og_description":"En el marc del Festival Barruguet de Teatre Familiar s&#8217;organitza cada any un cicle de jornades professionals. Aquestes jornades tenen com a objectiu obrir un espai de trobada, intercanvi i debat amb els professionals participants en el festival per a les persones que es dediquen a les Piti\u00fcses a qualsevol \u00e0rea de les arts esc\u00e8niques&hellip;","og_url":"https:\/\/festivalbarruguet.com\/ca\/jornades-professionals\/","og_site_name":"Festival Barruguet","article_modified_time":"2025-05-09T10:16:38+00:00","twitter_card":"summary_large_image","schema":{"@context":"https:\/\/schema.org","@graph":[{"@type":"WebPage","@id":"https:\/\/festivalbarruguet.com\/ca\/jornades-professionals\/","url":"https:\/\/festivalbarruguet.com\/ca\/jornades-professionals\/","name":"Jornades professionals - Festival Barruguet","isPartOf":{"@id":"https:\/\/festivalbarruguet.com\/ca\/#website"},"datePublished":"2022-03-21T09:05:51+00:00","dateModified":"2025-05-09T10:16:38+00:00","breadcrumb":{"@id":"https:\/\/festivalbarruguet.com\/ca\/jornades-professionals\/#breadcrumb"},"inLanguage":"ca","potentialAction":[{"@type":"ReadAction","target":["https:\/\/festivalbarruguet.com\/ca\/jornades-professionals\/"]}]},{"@type":"BreadcrumbList","@id":"https:\/\/festivalbarruguet.com\/ca\/jornades-professionals\/#breadcrumb","itemListElement":[{"@type":"ListItem","position":1,"name":"Inici","item":"https:\/\/festivalbarruguet.com\/ca\/"},{"@type":"ListItem","position":2,"name":"Jornades professionals"}]},{"@type":"WebSite","@id":"https:\/\/festivalbarruguet.com\/ca\/#website","url":"https:\/\/festivalbarruguet.com\/ca\/","name":"Festival Barruguet","description":"Festival de Teatre Familiar a Santa Eul\u00e0ria des Riu","potentialAction":[{"@type":"SearchAction","target":{"@type":"EntryPoint","urlTemplate":"https:\/\/festivalbarruguet.com\/ca\/?s={search_term_string}"},"query-input":"required name=search_term_string"}],"inLanguage":"ca"}]}},"_links":{"self":[{"href":"https:\/\/festivalbarruguet.com\/ca\/wp-json\/wp\/v2\/pages\/45","targetHints":{"allow":["GET"]}}],"collection":[{"href":"https:\/\/festivalbarruguet.com\/ca\/wp-json\/wp\/v2\/pages"}],"about":[{"href":"https:\/\/festivalbarruguet.com\/ca\/wp-json\/wp\/v2\/types\/page"}],"author":[{"embeddable":true,"href":"https:\/\/festivalbarruguet.com\/ca\/wp-json\/wp\/v2\/users\/1"}],"replies":[{"embeddable":true,"href":"https:\/\/festivalbarruguet.com\/ca\/wp-json\/wp\/v2\/comments?post=45"}],"version-history":[{"count":22,"href":"https:\/\/festivalbarruguet.com\/ca\/wp-json\/wp\/v2\/pages\/45\/revisions"}],"predecessor-version":[{"id":3649,"href":"https:\/\/festivalbarruguet.com\/ca\/wp-json\/wp\/v2\/pages\/45\/revisions\/3649"}],"wp:attachment":[{"href":"https:\/\/festivalbarruguet.com\/ca\/wp-json\/wp\/v2\/media?parent=45"}],"wp:term":[{"taxonomy":"folder","embeddable":true,"href":"https:\/\/festivalbarruguet.com\/ca\/wp-json\/wp\/v2\/folder?post=45"}],"curies":[{"name":"wp","href":"https:\/\/api.w.org\/{rel}","templated":true}]}}