{"id":2420,"date":"2022-03-21T11:05:50","date_gmt":"2022-03-21T09:05:50","guid":{"rendered":"https:\/\/festivalbarruguet.com\/contacto\/"},"modified":"2024-04-16T12:59:54","modified_gmt":"2024-04-16T10:59:54","slug":"contacto","status":"publish","type":"page","link":"https:\/\/festivalbarruguet.com\/es\/contacto\/","title":{"rendered":"Contacto"},"content":{"rendered":"\n\n<strong>Maria Guasch<\/strong><br \/>\n<strong>Departamento de Cultura<\/strong>\n<strong>AYUNTAMIENTO<br \/>\nDE SANTA EUL\u00c0RIA DES RIU<\/strong>\nPla\u00e7a d&#8217;Espanya, 1<br \/>\n07840 Santa Eul\u00e0ria des Riu<br \/>\nIbiza &#8211; Islas Balears<br \/>\n<strong>Tel. 629 557 885 <\/strong><br \/>\n<strong>Centralita: 971 33 96 69<\/strong>\n<a href=\"mailto:cultura@santaeularia.com\">cultura@santaeularia.com<\/a>\n\n","protected":false},"excerpt":{"rendered":"<p>Maria Guasch Departamento de Cultura AYUNTAMIENTO DE SANTA EUL\u00c0RIA DES RIU Pla\u00e7a d&#8217;Espanya, 1 07840 Santa Eul\u00e0ria des Riu Ibiza &#8211; Islas Balears Tel. 629 557 885 Centralita: 971 33 96 69 cultura@santaeularia.com<\/p>\n","protected":false},"author":1,"featured_media":0,"parent":0,"menu_order":0,"comment_status":"closed","ping_status":"closed","template":"","meta":{"footnotes":""},"folder":[],"class_list":["post-2420","page","type-page","status-publish","hentry"],"yoast_head":"<!-- This site is optimized with the Yoast SEO plugin v22.4 - https:\/\/yoast.com\/wordpress\/plugins\/seo\/ -->\n<title>Contacto - Festival Barruguet<\/title>\n<meta name=\"robots\" content=\"index, follow, max-snippet:-1, max-image-preview:large, max-video-preview:-1\" \/>\n<link rel=\"canonical\" href=\"https:\/\/festivalbarruguet.com\/es\/contacto\/\" \/>\n<meta property=\"og:locale\" content=\"es_ES\" \/>\n<meta property=\"og:type\" content=\"article\" \/>\n<meta property=\"og:title\" content=\"Contacto - Festival Barruguet\" \/>\n<meta property=\"og:description\" content=\"Maria Guasch Departamento de Cultura AYUNTAMIENTO DE SANTA EUL\u00c0RIA DES RIU Pla\u00e7a d&#8217;Espanya, 1 07840 Santa Eul\u00e0ria des Riu Ibiza &#8211; Islas Balears Tel. 629 557 885 Centralita: 971 33 96 69 cultura@santaeularia.com\" \/>\n<meta property=\"og:url\" content=\"https:\/\/festivalbarruguet.com\/es\/contacto\/\" \/>\n<meta property=\"og:site_name\" content=\"Festival Barruguet\" \/>\n<meta property=\"article:modified_time\" content=\"2024-04-16T10:59:54+00:00\" \/>\n<meta name=\"twitter:card\" content=\"summary_large_image\" \/>\n<script type=\"application\/ld+json\" class=\"yoast-schema-graph\">{\"@context\":\"https:\/\/schema.org\",\"@graph\":[{\"@type\":\"WebPage\",\"@id\":\"https:\/\/festivalbarruguet.com\/es\/contacto\/\",\"url\":\"https:\/\/festivalbarruguet.com\/es\/contacto\/\",\"name\":\"Contacto - Festival Barruguet\",\"isPartOf\":{\"@id\":\"https:\/\/festivalbarruguet.com\/ca\/#website\"},\"datePublished\":\"2022-03-21T09:05:50+00:00\",\"dateModified\":\"2024-04-16T10:59:54+00:00\",\"breadcrumb\":{\"@id\":\"https:\/\/festivalbarruguet.com\/es\/contacto\/#breadcrumb\"},\"inLanguage\":\"es\",\"potentialAction\":[{\"@type\":\"ReadAction\",\"target\":[\"https:\/\/festivalbarruguet.com\/es\/contacto\/\"]}]},{\"@type\":\"BreadcrumbList\",\"@id\":\"https:\/\/festivalbarruguet.com\/es\/contacto\/#breadcrumb\",\"itemListElement\":[{\"@type\":\"ListItem\",\"position\":1,\"name\":\"Inici\",\"item\":\"https:\/\/festivalbarruguet.com\/es\/\"},{\"@type\":\"ListItem\",\"position\":2,\"name\":\"Contacto\"}]},{\"@type\":\"WebSite\",\"@id\":\"https:\/\/festivalbarruguet.com\/ca\/#website\",\"url\":\"https:\/\/festivalbarruguet.com\/ca\/\",\"name\":\"Festival Barruguet\",\"description\":\"Festival de Teatre Familiar a Santa Eul\u00e0ria des Riu\",\"potentialAction\":[{\"@type\":\"SearchAction\",\"target\":{\"@type\":\"EntryPoint\",\"urlTemplate\":\"https:\/\/festivalbarruguet.com\/ca\/?s={search_term_string}\"},\"query-input\":\"required name=search_term_string\"}],\"inLanguage\":\"es\"}]}<\/script>\n<!-- \/ Yoast SEO plugin. -->","yoast_head_json":{"title":"Contacto - Festival Barruguet","robots":{"index":"index","follow":"follow","max-snippet":"max-snippet:-1","max-image-preview":"max-image-preview:large","max-video-preview":"max-video-preview:-1"},"canonical":"https:\/\/festivalbarruguet.com\/es\/contacto\/","og_locale":"es_ES","og_type":"article","og_title":"Contacto - Festival Barruguet","og_description":"Maria Guasch Departamento de Cultura AYUNTAMIENTO DE SANTA EUL\u00c0RIA DES RIU Pla\u00e7a d&#8217;Espanya, 1 07840 Santa Eul\u00e0ria des Riu Ibiza &#8211; Islas Balears Tel. 629 557 885 Centralita: 971 33 96 69 cultura@santaeularia.com","og_url":"https:\/\/festivalbarruguet.com\/es\/contacto\/","og_site_name":"Festival Barruguet","article_modified_time":"2024-04-16T10:59:54+00:00","twitter_card":"summary_large_image","schema":{"@context":"https:\/\/schema.org","@graph":[{"@type":"WebPage","@id":"https:\/\/festivalbarruguet.com\/es\/contacto\/","url":"https:\/\/festivalbarruguet.com\/es\/contacto\/","name":"Contacto - Festival Barruguet","isPartOf":{"@id":"https:\/\/festivalbarruguet.com\/ca\/#website"},"datePublished":"2022-03-21T09:05:50+00:00","dateModified":"2024-04-16T10:59:54+00:00","breadcrumb":{"@id":"https:\/\/festivalbarruguet.com\/es\/contacto\/#breadcrumb"},"inLanguage":"es","potentialAction":[{"@type":"ReadAction","target":["https:\/\/festivalbarruguet.com\/es\/contacto\/"]}]},{"@type":"BreadcrumbList","@id":"https:\/\/festivalbarruguet.com\/es\/contacto\/#breadcrumb","itemListElement":[{"@type":"ListItem","position":1,"name":"Inici","item":"https:\/\/festivalbarruguet.com\/es\/"},{"@type":"ListItem","position":2,"name":"Contacto"}]},{"@type":"WebSite","@id":"https:\/\/festivalbarruguet.com\/ca\/#website","url":"https:\/\/festivalbarruguet.com\/ca\/","name":"Festival Barruguet","description":"Festival de Teatre Familiar a Santa Eul\u00e0ria des Riu","potentialAction":[{"@type":"SearchAction","target":{"@type":"EntryPoint","urlTemplate":"https:\/\/festivalbarruguet.com\/ca\/?s={search_term_string}"},"query-input":"required name=search_term_string"}],"inLanguage":"es"}]}},"_links":{"self":[{"href":"https:\/\/festivalbarruguet.com\/es\/wp-json\/wp\/v2\/pages\/2420","targetHints":{"allow":["GET"]}}],"collection":[{"href":"https:\/\/festivalbarruguet.com\/es\/wp-json\/wp\/v2\/pages"}],"about":[{"href":"https:\/\/festivalbarruguet.com\/es\/wp-json\/wp\/v2\/types\/page"}],"author":[{"embeddable":true,"href":"https:\/\/festivalbarruguet.com\/es\/wp-json\/wp\/v2\/users\/1"}],"replies":[{"embeddable":true,"href":"https:\/\/festivalbarruguet.com\/es\/wp-json\/wp\/v2\/comments?post=2420"}],"version-history":[{"count":2,"href":"https:\/\/festivalbarruguet.com\/es\/wp-json\/wp\/v2\/pages\/2420\/revisions"}],"predecessor-version":[{"id":2956,"href":"https:\/\/festivalbarruguet.com\/es\/wp-json\/wp\/v2\/pages\/2420\/revisions\/2956"}],"wp:attachment":[{"href":"https:\/\/festivalbarruguet.com\/es\/wp-json\/wp\/v2\/media?parent=2420"}],"wp:term":[{"taxonomy":"folder","embeddable":true,"href":"https:\/\/festivalbarruguet.com\/es\/wp-json\/wp\/v2\/folder?post=2420"}],"curies":[{"name":"wp","href":"https:\/\/api.w.org\/{rel}","templated":true}]}}