{"id":2424,"date":"2022-03-21T11:05:50","date_gmt":"2022-03-21T09:05:50","guid":{"rendered":"https:\/\/festivalbarruguet.com\/ediciones-anteriores\/"},"modified":"2025-04-05T16:41:48","modified_gmt":"2025-04-05T14:41:48","slug":"ediciones-anteriores","status":"publish","type":"page","link":"https:\/\/festivalbarruguet.com\/es\/ediciones-anteriores\/","title":{"rendered":"Ediciones anteriores"},"content":{"rendered":"\n<h2>\n\t\tX edici\u00f3n 2024\n\t<\/h2>\n\t\t\t\t<a href=\"https:\/\/festivalbarruguet.com\/pdf\/10a_Edicion_2024.pdf\" target=\"_blank\" rel=\"noopener\"  itemprop=\"url\">\n\t\t\t\t<img loading=\"lazy\" decoding=\"async\" src=\"https:\/\/festivalbarruguet.com\/wp-content\/uploads\/2022\/03\/0001_Capa-1.png\" alt=\"_0001_Capa-1\" itemprop=\"image\" height=\"186\" width=\"225\" title=\"_0001_Capa-1\" onerror=\"this.style.display='none'\"  \/>\n\t\t\t\t<\/a>\n\t\t\t\t<a href=\"https:\/\/festivalbarruguet.com\/es\/ediciones-anteriores\/fotos-2024\/\" target=\"_blank\" rel=\"noopener\"  itemprop=\"url\">\n\t\t\t\t<img loading=\"lazy\" decoding=\"async\" src=\"https:\/\/festivalbarruguet.com\/wp-content\/uploads\/2022\/03\/fotos.png\" alt=\"fotos\" itemprop=\"image\" height=\"191\" width=\"232\" title=\"fotos\" onerror=\"this.style.display='none'\"  \/>\n\t\t\t\t<\/a>\n\t\t\t\t<img loading=\"lazy\" decoding=\"async\" src=\"https:\/\/festivalbarruguet.com\/wp-content\/uploads\/2025\/04\/collage-edicio-2024.jpg\" alt=\"collage-edicio-2024\" itemprop=\"image\" height=\"611\" width=\"1100\" title=\"collage-edicio-2024\" onerror=\"this.style.display='none'\"  \/>\n<h2>\n\t\tIX edici\u00f3n 2023\n\t<\/h2>\n\t\t\t\t<a href=\"https:\/\/festivalbarruguet.com\/pdf\/9a_Edicion_2023.pdf\" target=\"_blank\" rel=\"noopener\"  itemprop=\"url\">\n\t\t\t\t<img loading=\"lazy\" decoding=\"async\" src=\"https:\/\/festivalbarruguet.com\/wp-content\/uploads\/2022\/03\/0001_Capa-1.png\" alt=\"_0001_Capa-1\" itemprop=\"image\" height=\"186\" width=\"225\" title=\"_0001_Capa-1\" onerror=\"this.style.display='none'\"  \/>\n\t\t\t\t<\/a>\n\t\t\t\t<a href=\"https:\/\/festivalbarruguet.com\/es\/ediciones-anteriores\/fotos-2023\/\" target=\"_blank\" rel=\"noopener\"  itemprop=\"url\">\n\t\t\t\t<img loading=\"lazy\" decoding=\"async\" src=\"https:\/\/festivalbarruguet.com\/wp-content\/uploads\/2022\/03\/fotos.png\" alt=\"fotos\" itemprop=\"image\" height=\"191\" width=\"232\" title=\"fotos\" onerror=\"this.style.display='none'\"  \/>\n\t\t\t\t<\/a>\n\t\t\t\t<img loading=\"lazy\" decoding=\"async\" src=\"https:\/\/festivalbarruguet.com\/wp-content\/uploads\/2024\/04\/collage-edicio-2023.jpg\" alt=\"collage-edicio-2023\" itemprop=\"image\" height=\"611\" width=\"1100\" title=\"collage-edicio-2023\" onerror=\"this.style.display='none'\"  \/>\n<h2>\n\t\tVIII edici\u00f3n 2022\n\t<\/h2>\n\t\t\t\t<a href=\"https:\/\/festivalbarruguet.com\/pdf\/8a_Edicion_2022.pdf\" target=\"_blank\" rel=\"noopener\"  itemprop=\"url\">\n\t\t\t\t<img loading=\"lazy\" decoding=\"async\" src=\"https:\/\/festivalbarruguet.com\/wp-content\/uploads\/2022\/03\/0001_Capa-1.png\" alt=\"_0001_Capa-1\" itemprop=\"image\" height=\"186\" width=\"225\" title=\"_0001_Capa-1\" onerror=\"this.style.display='none'\"  \/>\n\t\t\t\t<\/a>\n\t\t\t\t<a href=\"https:\/\/festivalbarruguet.com\/es\/ediciones-anteriores\/fotos-2022\/\" target=\"_blank\" rel=\"noopener\"  itemprop=\"url\">\n\t\t\t\t<img loading=\"lazy\" decoding=\"async\" src=\"https:\/\/festivalbarruguet.com\/wp-content\/uploads\/2022\/03\/fotos.png\" alt=\"fotos\" itemprop=\"image\" height=\"191\" width=\"232\" title=\"fotos\" onerror=\"this.style.display='none'\"  \/>\n\t\t\t\t<\/a>\n\t\t\t\t<img loading=\"lazy\" decoding=\"async\" src=\"https:\/\/festivalbarruguet.com\/wp-content\/uploads\/2024\/04\/collage-edicio-2022.jpg\" alt=\"collage-edicio-2022\" itemprop=\"image\" height=\"611\" width=\"1100\" title=\"collage-edicio-2022\" onerror=\"this.style.display='none'\"  \/>\n<h2>\n\t\tVII edici\u00f3n 2021\n\t<\/h2>\n\t\t\t\t<a href=\"https:\/\/festivalbarruguet.com\/pdf\/7a_Edicion_2021.pdf\" target=\"_blank\" rel=\"noopener\"  itemprop=\"url\">\n\t\t\t\t<img loading=\"lazy\" decoding=\"async\" src=\"https:\/\/festivalbarruguet.com\/wp-content\/uploads\/2022\/03\/0001_Capa-1.png\" alt=\"_0001_Capa-1\" itemprop=\"image\" height=\"186\" width=\"225\" title=\"_0001_Capa-1\" onerror=\"this.style.display='none'\"  \/>\n\t\t\t\t<\/a>\n\t\t\t\t<a href=\"https:\/\/festivalbarruguet.com\/es\/ediciones-anteriores\/fotos-2021\/\" target=\"_blank\" rel=\"noopener\"  itemprop=\"url\">\n\t\t\t\t<img loading=\"lazy\" decoding=\"async\" src=\"https:\/\/festivalbarruguet.com\/wp-content\/uploads\/2022\/03\/fotos.png\" alt=\"fotos\" itemprop=\"image\" height=\"191\" width=\"232\" title=\"fotos\" onerror=\"this.style.display='none'\"  \/>\n\t\t\t\t<\/a>\n\t\t\t\t<img loading=\"lazy\" decoding=\"async\" src=\"https:\/\/festivalbarruguet.com\/wp-content\/uploads\/2022\/03\/collage-edicio-2021.jpg\" alt=\"collage-edicio-2021\" itemprop=\"image\" height=\"611\" width=\"1100\" title=\"collage-edicio-2021\" onerror=\"this.style.display='none'\"  \/>\n<h2>\n\t\tRECUERDOS DEL BARRUGUET 2020\n\t<\/h2>\n\t\t\t\t<img loading=\"lazy\" decoding=\"async\" src=\"https:\/\/festivalbarruguet.com\/wp-content\/uploads\/2022\/03\/records2020.jpg\" alt=\"records2020\" itemprop=\"image\" height=\"218\" width=\"800\" title=\"records2020\" onerror=\"this.style.display='none'\"  \/>\n<h2>\n\t\tVI edici\u00f3n 2019\n\t<\/h2>\n\t\t\t\t<a href=\"https:\/\/festivalbarruguet.com\/pdf\/6a_Edicion_2019.pdf\" target=\"_blank\" rel=\"noopener\"  itemprop=\"url\">\n\t\t\t\t<img loading=\"lazy\" decoding=\"async\" src=\"https:\/\/festivalbarruguet.com\/wp-content\/uploads\/2022\/03\/0001_Capa-1.png\" alt=\"_0001_Capa-1\" itemprop=\"image\" height=\"186\" width=\"225\" title=\"_0001_Capa-1\" onerror=\"this.style.display='none'\"  \/>\n\t\t\t\t<\/a>\n\t\t\t\t<a href=\"https:\/\/festivalbarruguet.com\/es\/ediciones-anteriores\/fotos-2019\/\" target=\"_blank\" rel=\"noopener\"  itemprop=\"url\">\n\t\t\t\t<img loading=\"lazy\" decoding=\"async\" src=\"https:\/\/festivalbarruguet.com\/wp-content\/uploads\/2022\/03\/fotos.png\" alt=\"fotos\" itemprop=\"image\" height=\"191\" width=\"232\" title=\"fotos\" onerror=\"this.style.display='none'\"  \/>\n\t\t\t\t<\/a>\n\t\t\t\t<img loading=\"lazy\" decoding=\"async\" src=\"https:\/\/festivalbarruguet.com\/wp-content\/uploads\/2022\/03\/6aEdicion-collage-1.jpg\" alt=\"6aEdicion-collage\" itemprop=\"image\" height=\"496\" width=\"900\" title=\"6aEdicion-collage\" onerror=\"this.style.display='none'\"  \/>\n<h2>\n\t\tV edici\u00f3n 2018\n\t<\/h2>\n\t\t\t\t<a href=\"https:\/\/festivalbarruguet.com\/pdf\/5a_Edicion_2018.pdf\" target=\"_blank\" rel=\"noopener\"  itemprop=\"url\">\n\t\t\t\t<img loading=\"lazy\" decoding=\"async\" src=\"https:\/\/festivalbarruguet.com\/wp-content\/uploads\/2022\/03\/0001_Capa-1.png\" alt=\"_0001_Capa-1\" itemprop=\"image\" height=\"186\" width=\"225\" title=\"_0001_Capa-1\" onerror=\"this.style.display='none'\"  \/>\n\t\t\t\t<\/a>\n\t\t\t\t<a href=\"https:\/\/festivalbarruguet.com\/es\/ediciones-anteriores\/fotos-2018\/\" target=\"_blank\" rel=\"noopener\"  itemprop=\"url\">\n\t\t\t\t<img loading=\"lazy\" decoding=\"async\" src=\"https:\/\/festivalbarruguet.com\/wp-content\/uploads\/2022\/03\/fotos.png\" alt=\"fotos\" itemprop=\"image\" height=\"191\" width=\"232\" title=\"fotos\" onerror=\"this.style.display='none'\"  \/>\n\t\t\t\t<\/a>\n\t\t\t\t<img loading=\"lazy\" decoding=\"async\" src=\"https:\/\/festivalbarruguet.com\/wp-content\/uploads\/2022\/03\/5aEdicion-1.jpg\" alt=\"5aEdicion\" itemprop=\"image\" height=\"496\" width=\"900\" title=\"5aEdicion\" onerror=\"this.style.display='none'\"  \/>\n<h2>\n\t\tIV edici\u00f3n 2017\n\t<\/h2>\n\t\t\t\t<a href=\"https:\/\/festivalbarruguet.com\/pdf\/4a_Edicion_2017.pdf\" target=\"_blank\" rel=\"noopener\"  itemprop=\"url\">\n\t\t\t\t<img loading=\"lazy\" decoding=\"async\" src=\"https:\/\/festivalbarruguet.com\/wp-content\/uploads\/2022\/03\/0001_Capa-1.png\" alt=\"_0001_Capa-1\" itemprop=\"image\" height=\"186\" width=\"225\" title=\"_0001_Capa-1\" onerror=\"this.style.display='none'\"  \/>\n\t\t\t\t<\/a>\n\t\t\t\t<a href=\"https:\/\/festivalbarruguet.com\/es\/ediciones-anteriores\/fotos-2017\/\" target=\"_blank\" rel=\"noopener\"  itemprop=\"url\">\n\t\t\t\t<img loading=\"lazy\" decoding=\"async\" src=\"https:\/\/festivalbarruguet.com\/wp-content\/uploads\/2022\/03\/fotos.png\" alt=\"fotos\" itemprop=\"image\" height=\"191\" width=\"232\" title=\"fotos\" onerror=\"this.style.display='none'\"  \/>\n\t\t\t\t<\/a>\n\t\t\t\t<img loading=\"lazy\" decoding=\"async\" src=\"https:\/\/festivalbarruguet.com\/wp-content\/uploads\/2022\/03\/4aEdicion.jpg\" alt=\"4aEdicion\" itemprop=\"image\" height=\"500\" width=\"900\" title=\"4aEdicion\" onerror=\"this.style.display='none'\"  \/>\n<h2>\n\t\tIII edici\u00f3n 2016\n\t<\/h2>\n\t\t\t\t<a href=\"https:\/\/festivalbarruguet.com\/pdf\/3a_Edicion_2016.pdf\" target=\"_blank\" rel=\"noopener\"  itemprop=\"url\">\n\t\t\t\t<img loading=\"lazy\" decoding=\"async\" src=\"https:\/\/festivalbarruguet.com\/wp-content\/uploads\/2022\/03\/0001_Capa-1.png\" alt=\"_0001_Capa-1\" itemprop=\"image\" height=\"186\" width=\"225\" title=\"_0001_Capa-1\" onerror=\"this.style.display='none'\"  \/>\n\t\t\t\t<\/a>\n\t\t\t\t<img loading=\"lazy\" decoding=\"async\" src=\"https:\/\/festivalbarruguet.com\/wp-content\/uploads\/2022\/03\/3aEdicion.jpg\" alt=\"3aEdicion\" itemprop=\"image\" height=\"500\" width=\"900\" title=\"3aEdicion\" onerror=\"this.style.display='none'\"  \/>\n<h2>\n\t\tII edici\u00f3n 2015\n\t<\/h2>\n\t\t\t\t<a href=\"https:\/\/festivalbarruguet.com\/pdf\/2a_Edicion_2015.pdf\" target=\"_blank\" rel=\"noopener\"  itemprop=\"url\">\n\t\t\t\t<img loading=\"lazy\" decoding=\"async\" src=\"https:\/\/festivalbarruguet.com\/wp-content\/uploads\/2022\/03\/0001_Capa-1.png\" alt=\"_0001_Capa-1\" itemprop=\"image\" height=\"186\" width=\"225\" title=\"_0001_Capa-1\" onerror=\"this.style.display='none'\"  \/>\n\t\t\t\t<\/a>\n\t\t\t\t<img loading=\"lazy\" decoding=\"async\" src=\"https:\/\/festivalbarruguet.com\/wp-content\/uploads\/2022\/03\/2aEdicion.jpg\" alt=\"2aEdicion\" itemprop=\"image\" height=\"496\" width=\"900\" title=\"2aEdicion\" onerror=\"this.style.display='none'\"  \/>\n<h2>\n\t\tI edici\u00f3n 2014\n\t<\/h2>\n\t\t\t\t<a href=\"https:\/\/festivalbarruguet.com\/pdf\/1a_Edicion_2014.pdf\" target=\"_blank\" rel=\"noopener\"  itemprop=\"url\">\n\t\t\t\t<img loading=\"lazy\" decoding=\"async\" src=\"https:\/\/festivalbarruguet.com\/wp-content\/uploads\/2022\/03\/0001_Capa-1.png\" alt=\"_0001_Capa-1\" itemprop=\"image\" height=\"186\" width=\"225\" title=\"_0001_Capa-1\" onerror=\"this.style.display='none'\"  \/>\n\t\t\t\t<\/a>\n\t\t\t\t<img loading=\"lazy\" decoding=\"async\" src=\"https:\/\/festivalbarruguet.com\/wp-content\/uploads\/2022\/03\/1aEdicion-1.png\" alt=\"1aEdicion-1\" itemprop=\"image\" height=\"496\" width=\"900\" title=\"1aEdicion-1\" onerror=\"this.style.display='none'\"  \/>\n\n","protected":false},"excerpt":{"rendered":"<p>X edici\u00f3n 2024 IX edici\u00f3n 2023 VIII edici\u00f3n 2022 VII edici\u00f3n 2021 RECUERDOS DEL BARRUGUET 2020 VI edici\u00f3n 2019 V edici\u00f3n 2018 IV edici\u00f3n 2017 III edici\u00f3n 2016 II edici\u00f3n 2015 I edici\u00f3n 2014<\/p>\n","protected":false},"author":1,"featured_media":0,"parent":0,"menu_order":0,"comment_status":"closed","ping_status":"closed","template":"","meta":{"footnotes":""},"folder":[],"class_list":["post-2424","page","type-page","status-publish","hentry"],"yoast_head":"<!-- This site is optimized with the Yoast SEO plugin v22.4 - https:\/\/yoast.com\/wordpress\/plugins\/seo\/ -->\n<title>Ediciones anteriores - Festival Barruguet<\/title>\n<meta name=\"robots\" content=\"index, follow, max-snippet:-1, max-image-preview:large, max-video-preview:-1\" \/>\n<link rel=\"canonical\" href=\"https:\/\/festivalbarruguet.com\/es\/ediciones-anteriores\/\" \/>\n<meta property=\"og:locale\" content=\"es_ES\" \/>\n<meta property=\"og:type\" content=\"article\" \/>\n<meta property=\"og:title\" content=\"Ediciones anteriores - Festival Barruguet\" \/>\n<meta property=\"og:description\" content=\"X edici\u00f3n 2024 IX edici\u00f3n 2023 VIII edici\u00f3n 2022 VII edici\u00f3n 2021 RECUERDOS DEL BARRUGUET 2020 VI edici\u00f3n 2019 V edici\u00f3n 2018 IV edici\u00f3n 2017 III edici\u00f3n 2016 II edici\u00f3n 2015 I edici\u00f3n 2014\" \/>\n<meta property=\"og:url\" content=\"https:\/\/festivalbarruguet.com\/es\/ediciones-anteriores\/\" \/>\n<meta property=\"og:site_name\" content=\"Festival Barruguet\" \/>\n<meta property=\"article:modified_time\" content=\"2025-04-05T14:41:48+00:00\" \/>\n<meta property=\"og:image\" content=\"https:\/\/festivalbarruguet.com\/wp-content\/uploads\/2022\/03\/0001_Capa-1.png\" \/>\n<meta name=\"twitter:card\" content=\"summary_large_image\" \/>\n<script type=\"application\/ld+json\" class=\"yoast-schema-graph\">{\"@context\":\"https:\/\/schema.org\",\"@graph\":[{\"@type\":\"WebPage\",\"@id\":\"https:\/\/festivalbarruguet.com\/es\/ediciones-anteriores\/\",\"url\":\"https:\/\/festivalbarruguet.com\/es\/ediciones-anteriores\/\",\"name\":\"Ediciones anteriores - Festival Barruguet\",\"isPartOf\":{\"@id\":\"https:\/\/festivalbarruguet.com\/ca\/#website\"},\"primaryImageOfPage\":{\"@id\":\"https:\/\/festivalbarruguet.com\/es\/ediciones-anteriores\/#primaryimage\"},\"image\":{\"@id\":\"https:\/\/festivalbarruguet.com\/es\/ediciones-anteriores\/#primaryimage\"},\"thumbnailUrl\":\"https:\/\/festivalbarruguet.com\/wp-content\/uploads\/2022\/03\/0001_Capa-1.png\",\"datePublished\":\"2022-03-21T09:05:50+00:00\",\"dateModified\":\"2025-04-05T14:41:48+00:00\",\"breadcrumb\":{\"@id\":\"https:\/\/festivalbarruguet.com\/es\/ediciones-anteriores\/#breadcrumb\"},\"inLanguage\":\"es\",\"potentialAction\":[{\"@type\":\"ReadAction\",\"target\":[\"https:\/\/festivalbarruguet.com\/es\/ediciones-anteriores\/\"]}]},{\"@type\":\"ImageObject\",\"inLanguage\":\"es\",\"@id\":\"https:\/\/festivalbarruguet.com\/es\/ediciones-anteriores\/#primaryimage\",\"url\":\"https:\/\/festivalbarruguet.com\/wp-content\/uploads\/2022\/03\/0001_Capa-1.png\",\"contentUrl\":\"https:\/\/festivalbarruguet.com\/wp-content\/uploads\/2022\/03\/0001_Capa-1.png\"},{\"@type\":\"BreadcrumbList\",\"@id\":\"https:\/\/festivalbarruguet.com\/es\/ediciones-anteriores\/#breadcrumb\",\"itemListElement\":[{\"@type\":\"ListItem\",\"position\":1,\"name\":\"Inici\",\"item\":\"https:\/\/festivalbarruguet.com\/es\/\"},{\"@type\":\"ListItem\",\"position\":2,\"name\":\"Ediciones anteriores\"}]},{\"@type\":\"WebSite\",\"@id\":\"https:\/\/festivalbarruguet.com\/ca\/#website\",\"url\":\"https:\/\/festivalbarruguet.com\/ca\/\",\"name\":\"Festival Barruguet\",\"description\":\"Festival de Teatre Familiar a Santa Eul\u00e0ria des Riu\",\"potentialAction\":[{\"@type\":\"SearchAction\",\"target\":{\"@type\":\"EntryPoint\",\"urlTemplate\":\"https:\/\/festivalbarruguet.com\/ca\/?s={search_term_string}\"},\"query-input\":\"required name=search_term_string\"}],\"inLanguage\":\"es\"}]}<\/script>\n<!-- \/ Yoast SEO plugin. -->","yoast_head_json":{"title":"Ediciones anteriores - Festival Barruguet","robots":{"index":"index","follow":"follow","max-snippet":"max-snippet:-1","max-image-preview":"max-image-preview:large","max-video-preview":"max-video-preview:-1"},"canonical":"https:\/\/festivalbarruguet.com\/es\/ediciones-anteriores\/","og_locale":"es_ES","og_type":"article","og_title":"Ediciones anteriores - Festival Barruguet","og_description":"X edici\u00f3n 2024 IX edici\u00f3n 2023 VIII edici\u00f3n 2022 VII edici\u00f3n 2021 RECUERDOS DEL BARRUGUET 2020 VI edici\u00f3n 2019 V edici\u00f3n 2018 IV edici\u00f3n 2017 III edici\u00f3n 2016 II edici\u00f3n 2015 I edici\u00f3n 2014","og_url":"https:\/\/festivalbarruguet.com\/es\/ediciones-anteriores\/","og_site_name":"Festival Barruguet","article_modified_time":"2025-04-05T14:41:48+00:00","og_image":[{"url":"https:\/\/festivalbarruguet.com\/wp-content\/uploads\/2022\/03\/0001_Capa-1.png"}],"twitter_card":"summary_large_image","schema":{"@context":"https:\/\/schema.org","@graph":[{"@type":"WebPage","@id":"https:\/\/festivalbarruguet.com\/es\/ediciones-anteriores\/","url":"https:\/\/festivalbarruguet.com\/es\/ediciones-anteriores\/","name":"Ediciones anteriores - Festival Barruguet","isPartOf":{"@id":"https:\/\/festivalbarruguet.com\/ca\/#website"},"primaryImageOfPage":{"@id":"https:\/\/festivalbarruguet.com\/es\/ediciones-anteriores\/#primaryimage"},"image":{"@id":"https:\/\/festivalbarruguet.com\/es\/ediciones-anteriores\/#primaryimage"},"thumbnailUrl":"https:\/\/festivalbarruguet.com\/wp-content\/uploads\/2022\/03\/0001_Capa-1.png","datePublished":"2022-03-21T09:05:50+00:00","dateModified":"2025-04-05T14:41:48+00:00","breadcrumb":{"@id":"https:\/\/festivalbarruguet.com\/es\/ediciones-anteriores\/#breadcrumb"},"inLanguage":"es","potentialAction":[{"@type":"ReadAction","target":["https:\/\/festivalbarruguet.com\/es\/ediciones-anteriores\/"]}]},{"@type":"ImageObject","inLanguage":"es","@id":"https:\/\/festivalbarruguet.com\/es\/ediciones-anteriores\/#primaryimage","url":"https:\/\/festivalbarruguet.com\/wp-content\/uploads\/2022\/03\/0001_Capa-1.png","contentUrl":"https:\/\/festivalbarruguet.com\/wp-content\/uploads\/2022\/03\/0001_Capa-1.png"},{"@type":"BreadcrumbList","@id":"https:\/\/festivalbarruguet.com\/es\/ediciones-anteriores\/#breadcrumb","itemListElement":[{"@type":"ListItem","position":1,"name":"Inici","item":"https:\/\/festivalbarruguet.com\/es\/"},{"@type":"ListItem","position":2,"name":"Ediciones anteriores"}]},{"@type":"WebSite","@id":"https:\/\/festivalbarruguet.com\/ca\/#website","url":"https:\/\/festivalbarruguet.com\/ca\/","name":"Festival Barruguet","description":"Festival de Teatre Familiar a Santa Eul\u00e0ria des Riu","potentialAction":[{"@type":"SearchAction","target":{"@type":"EntryPoint","urlTemplate":"https:\/\/festivalbarruguet.com\/ca\/?s={search_term_string}"},"query-input":"required name=search_term_string"}],"inLanguage":"es"}]}},"_links":{"self":[{"href":"https:\/\/festivalbarruguet.com\/es\/wp-json\/wp\/v2\/pages\/2424","targetHints":{"allow":["GET"]}}],"collection":[{"href":"https:\/\/festivalbarruguet.com\/es\/wp-json\/wp\/v2\/pages"}],"about":[{"href":"https:\/\/festivalbarruguet.com\/es\/wp-json\/wp\/v2\/types\/page"}],"author":[{"embeddable":true,"href":"https:\/\/festivalbarruguet.com\/es\/wp-json\/wp\/v2\/users\/1"}],"replies":[{"embeddable":true,"href":"https:\/\/festivalbarruguet.com\/es\/wp-json\/wp\/v2\/comments?post=2424"}],"version-history":[{"count":3,"href":"https:\/\/festivalbarruguet.com\/es\/wp-json\/wp\/v2\/pages\/2424\/revisions"}],"predecessor-version":[{"id":3561,"href":"https:\/\/festivalbarruguet.com\/es\/wp-json\/wp\/v2\/pages\/2424\/revisions\/3561"}],"wp:attachment":[{"href":"https:\/\/festivalbarruguet.com\/es\/wp-json\/wp\/v2\/media?parent=2424"}],"wp:term":[{"taxonomy":"folder","embeddable":true,"href":"https:\/\/festivalbarruguet.com\/es\/wp-json\/wp\/v2\/folder?post=2424"}],"curies":[{"name":"wp","href":"https:\/\/api.w.org\/{rel}","templated":true}]}}