{"id":2427,"date":"2023-04-14T21:38:00","date_gmt":"2023-04-14T19:38:00","guid":{"rendered":"https:\/\/festivalbarruguet.com\/inicio\/"},"modified":"2025-05-12T14:36:48","modified_gmt":"2025-05-12T12:36:48","slug":"inicio","status":"publish","type":"page","link":"https:\/\/festivalbarruguet.com\/es\/","title":{"rendered":"Inicio"},"content":{"rendered":"\n\n\t\t\t\t\t\t\t\t<a href=\"\/pdf\/programa-2025.pdf\" target=\"_blank\" itemprop=\"url\" rel=\"noopener\">\n\t\t\t\t\t\t\t\t\t<img loading=\"lazy\" decoding=\"async\" src=\"https:\/\/festivalbarruguet.com\/wp-content\/uploads\/2022\/03\/0001_Capa-1.png\" alt=\"_0001_Capa-1\" itemprop=\"image\" height=\"186\" width=\"225\" title=\"_0001_Capa-1\" onerror=\"this.style.display='none'\"  \/>\n\t\t\t\t\t\t\t\t\t\t\t\t\t<\/a>\n\t<p><a href=\"\/pdf\/programa-2025.pdf\" target=\"_blank\" rel=\"noopener\">PROGRAMA 2025<\/a><\/p>\n\t\t\t\t\t\t\t\t<a href=\"\/pdf\/programa-abreviat-2025.pdf\" target=\"_blank\" itemprop=\"url\" rel=\"noopener\">\n\t\t\t\t\t\t\t\t\t<img loading=\"lazy\" decoding=\"async\" src=\"https:\/\/festivalbarruguet.com\/wp-content\/uploads\/2022\/03\/0001_Capa-1.png\" alt=\"_0001_Capa-1\" itemprop=\"image\" height=\"186\" width=\"225\" title=\"_0001_Capa-1\" onerror=\"this.style.display='none'\"  \/>\n\t\t\t\t\t\t\t\t\t\t\t\t\t<\/a>\n\t<p><a href=\"\/pdf\/programa-abreviat-2025.pdf\" target=\"_blank\" rel=\"noopener\">PROGRAMA ABREVIADO 2025<\/a><\/p>\n\t\t\t\t\t\t\t\t\t<img loading=\"lazy\" decoding=\"async\" src=\"https:\/\/festivalbarruguet.com\/wp-content\/uploads\/2025\/04\/fvbarruguet.jpg\" alt=\"fvbarruguet\" itemprop=\"image\" height=\"389\" width=\"700\" srcset=\"https:\/\/festivalbarruguet.com\/wp-content\/uploads\/2025\/04\/fvbarruguet.jpg 700w, https:\/\/festivalbarruguet.com\/wp-content\/uploads\/2025\/04\/fvbarruguet-300x167.jpg 300w\" sizes=\"auto, (max-width: 700px) 100vw, 700px\" title=\"fvbarruguet\" onerror=\"this.style.display='none'\"  \/>\n\t<p>Llega la und\u00e9cima edici\u00f3n del Festival Barruguet con m\u00e1s ilusi\u00f3n que nunca. Teatro, danza, m\u00fasica y circo os esperan en Santa Eul\u00e0ria para pasar en familia un magn\u00edfico fin de semana lleno de risas y emociones. Este a\u00f1o el barruguet regalar\u00e1 un gorro a los ni\u00f1os y ni\u00f1as* que asistan a los espect\u00e1culos. (*Ni\u00f1os y ni\u00f1as hasta 12 a\u00f1os y hasta agotar existencias.)<\/p>\n\t<p>GALERIA 2024<\/p>\n\t\t\t\t\t\t\t\t<a href=\"\/es\/edicions-anteriors\/fotos-2024\/\" target=\"_self\" itemprop=\"url\">\n\t\t\t\t\t\t\t\t\t<img loading=\"lazy\" decoding=\"async\" src=\"https:\/\/festivalbarruguet.com\/wp-content\/uploads\/2022\/03\/fotos.png\" alt=\"fotos\" itemprop=\"image\" height=\"191\" width=\"232\" title=\"fotos\" onerror=\"this.style.display='none'\"  \/>\n\t\t\t\t\t\t\t\t\t\t\t\t\t<\/a>\n\t\t\t\t\t\t\t\t<a href=\"\/es\/edicions-anteriors\/fotos-2024\/\" target=\"_self\" itemprop=\"url\">\n\t\t\t\t\t\t\t\t\t<img loading=\"lazy\" decoding=\"async\" src=\"https:\/\/festivalbarruguet.com\/wp-content\/uploads\/2025\/01\/EDICIONS-ANTERIORS-2024-web.jpg\" alt=\"EDICIONS-ANTERIORS-2024-web\" itemprop=\"image\" height=\"389\" width=\"700\" srcset=\"https:\/\/festivalbarruguet.com\/wp-content\/uploads\/2025\/01\/EDICIONS-ANTERIORS-2024-web.jpg 700w, https:\/\/festivalbarruguet.com\/wp-content\/uploads\/2025\/01\/EDICIONS-ANTERIORS-2024-web-300x167.jpg 300w\" sizes=\"auto, (max-width: 700px) 100vw, 700px\" title=\"EDICIONS-ANTERIORS-2024-web\" onerror=\"this.style.display='none'\"  \/>\n\t\t\t\t\t\t\t\t\t\t\t\t\t<\/a>\n\n","protected":false},"excerpt":{"rendered":"<p>PROGRAMA 2025 PROGRAMA ABREVIADO 2025 Llega la und\u00e9cima edici\u00f3n del Festival Barruguet con m\u00e1s ilusi\u00f3n que nunca. Teatro, danza, m\u00fasica y circo os esperan en Santa Eul\u00e0ria para pasar en familia un magn\u00edfico fin de semana lleno de risas y emociones. Este a\u00f1o el barruguet regalar\u00e1 un gorro a los ni\u00f1os y ni\u00f1as* que asistan&hellip;<\/p>\n","protected":false},"author":1,"featured_media":3627,"parent":0,"menu_order":0,"comment_status":"closed","ping_status":"closed","template":"","meta":{"footnotes":""},"folder":[],"class_list":["post-2427","page","type-page","status-publish","has-post-thumbnail","hentry"],"yoast_head":"<!-- This site is optimized with the Yoast SEO plugin v22.4 - https:\/\/yoast.com\/wordpress\/plugins\/seo\/ -->\n<title>2025 - Festival Barruguet<\/title>\n<meta name=\"description\" content=\"El Festival Barruguet de Teatro Familiar se celebra cada a\u00f1o en Santa Eul\u00e0ria des Riu (Ibiza). Tres d\u00edas de cultura, magia y diversi\u00f3n.\" \/>\n<meta name=\"robots\" content=\"index, follow, max-snippet:-1, max-image-preview:large, max-video-preview:-1\" \/>\n<link rel=\"canonical\" href=\"https:\/\/festivalbarruguet.com\/es\/\" \/>\n<meta property=\"og:locale\" content=\"es_ES\" \/>\n<meta property=\"og:type\" content=\"article\" \/>\n<meta property=\"og:title\" content=\"2025 - Festival Barruguet\" \/>\n<meta property=\"og:description\" content=\"El Festival Barruguet de Teatro Familiar se celebra cada a\u00f1o en Santa Eul\u00e0ria des Riu (Ibiza). Tres d\u00edas de cultura, magia y diversi\u00f3n.\" \/>\n<meta property=\"og:url\" content=\"https:\/\/festivalbarruguet.com\/es\/\" \/>\n<meta property=\"og:site_name\" content=\"Festival Barruguet\" \/>\n<meta property=\"article:modified_time\" content=\"2025-05-12T12:36:48+00:00\" \/>\n<meta property=\"og:image\" content=\"https:\/\/festivalbarruguet.com\/wp-content\/uploads\/2025\/04\/cropped-favicon.jpg\" \/>\n\t<meta property=\"og:image:width\" content=\"512\" \/>\n\t<meta property=\"og:image:height\" content=\"512\" \/>\n\t<meta property=\"og:image:type\" content=\"image\/jpeg\" \/>\n<meta name=\"twitter:card\" content=\"summary_large_image\" \/>\n<meta name=\"twitter:label1\" content=\"Tiempo de lectura\" \/>\n\t<meta name=\"twitter:data1\" content=\"2 minutos\" \/>\n<script type=\"application\/ld+json\" class=\"yoast-schema-graph\">{\"@context\":\"https:\/\/schema.org\",\"@graph\":[{\"@type\":\"WebPage\",\"@id\":\"https:\/\/festivalbarruguet.com\/es\/\",\"url\":\"https:\/\/festivalbarruguet.com\/es\/\",\"name\":\"2025 - Festival Barruguet\",\"isPartOf\":{\"@id\":\"https:\/\/festivalbarruguet.com\/ca\/#website\"},\"primaryImageOfPage\":{\"@id\":\"https:\/\/festivalbarruguet.com\/es\/#primaryimage\"},\"image\":{\"@id\":\"https:\/\/festivalbarruguet.com\/es\/#primaryimage\"},\"thumbnailUrl\":\"https:\/\/festivalbarruguet.com\/wp-content\/uploads\/2025\/04\/cropped-favicon.jpg\",\"datePublished\":\"2023-04-14T19:38:00+00:00\",\"dateModified\":\"2025-05-12T12:36:48+00:00\",\"description\":\"El Festival Barruguet de Teatro Familiar se celebra cada a\u00f1o en Santa Eul\u00e0ria des Riu (Ibiza). Tres d\u00edas de cultura, magia y diversi\u00f3n.\",\"breadcrumb\":{\"@id\":\"https:\/\/festivalbarruguet.com\/es\/#breadcrumb\"},\"inLanguage\":\"es\",\"potentialAction\":[{\"@type\":\"ReadAction\",\"target\":[\"https:\/\/festivalbarruguet.com\/es\/\"]}]},{\"@type\":\"ImageObject\",\"inLanguage\":\"es\",\"@id\":\"https:\/\/festivalbarruguet.com\/es\/#primaryimage\",\"url\":\"https:\/\/festivalbarruguet.com\/wp-content\/uploads\/2025\/04\/cropped-favicon.jpg\",\"contentUrl\":\"https:\/\/festivalbarruguet.com\/wp-content\/uploads\/2025\/04\/cropped-favicon.jpg\",\"width\":512,\"height\":512},{\"@type\":\"BreadcrumbList\",\"@id\":\"https:\/\/festivalbarruguet.com\/es\/#breadcrumb\",\"itemListElement\":[{\"@type\":\"ListItem\",\"position\":1,\"name\":\"Inici\",\"item\":\"https:\/\/festivalbarruguet.com\/es\/\"},{\"@type\":\"ListItem\",\"position\":2,\"name\":\"Inicio\"}]},{\"@type\":\"WebSite\",\"@id\":\"https:\/\/festivalbarruguet.com\/ca\/#website\",\"url\":\"https:\/\/festivalbarruguet.com\/ca\/\",\"name\":\"Festival Barruguet\",\"description\":\"Festival de Teatre Familiar a Santa Eul\u00e0ria des Riu\",\"potentialAction\":[{\"@type\":\"SearchAction\",\"target\":{\"@type\":\"EntryPoint\",\"urlTemplate\":\"https:\/\/festivalbarruguet.com\/ca\/?s={search_term_string}\"},\"query-input\":\"required name=search_term_string\"}],\"inLanguage\":\"es\"}]}<\/script>\n<!-- \/ Yoast SEO plugin. -->","yoast_head_json":{"title":"2025 - Festival Barruguet","description":"El Festival Barruguet de Teatro Familiar se celebra cada a\u00f1o en Santa Eul\u00e0ria des Riu (Ibiza). Tres d\u00edas de cultura, magia y diversi\u00f3n.","robots":{"index":"index","follow":"follow","max-snippet":"max-snippet:-1","max-image-preview":"max-image-preview:large","max-video-preview":"max-video-preview:-1"},"canonical":"https:\/\/festivalbarruguet.com\/es\/","og_locale":"es_ES","og_type":"article","og_title":"2025 - Festival Barruguet","og_description":"El Festival Barruguet de Teatro Familiar se celebra cada a\u00f1o en Santa Eul\u00e0ria des Riu (Ibiza). Tres d\u00edas de cultura, magia y diversi\u00f3n.","og_url":"https:\/\/festivalbarruguet.com\/es\/","og_site_name":"Festival Barruguet","article_modified_time":"2025-05-12T12:36:48+00:00","og_image":[{"width":512,"height":512,"url":"https:\/\/festivalbarruguet.com\/wp-content\/uploads\/2025\/04\/cropped-favicon.jpg","type":"image\/jpeg"}],"twitter_card":"summary_large_image","twitter_misc":{"Tiempo de lectura":"2 minutos"},"schema":{"@context":"https:\/\/schema.org","@graph":[{"@type":"WebPage","@id":"https:\/\/festivalbarruguet.com\/es\/","url":"https:\/\/festivalbarruguet.com\/es\/","name":"2025 - Festival Barruguet","isPartOf":{"@id":"https:\/\/festivalbarruguet.com\/ca\/#website"},"primaryImageOfPage":{"@id":"https:\/\/festivalbarruguet.com\/es\/#primaryimage"},"image":{"@id":"https:\/\/festivalbarruguet.com\/es\/#primaryimage"},"thumbnailUrl":"https:\/\/festivalbarruguet.com\/wp-content\/uploads\/2025\/04\/cropped-favicon.jpg","datePublished":"2023-04-14T19:38:00+00:00","dateModified":"2025-05-12T12:36:48+00:00","description":"El Festival Barruguet de Teatro Familiar se celebra cada a\u00f1o en Santa Eul\u00e0ria des Riu (Ibiza). Tres d\u00edas de cultura, magia y diversi\u00f3n.","breadcrumb":{"@id":"https:\/\/festivalbarruguet.com\/es\/#breadcrumb"},"inLanguage":"es","potentialAction":[{"@type":"ReadAction","target":["https:\/\/festivalbarruguet.com\/es\/"]}]},{"@type":"ImageObject","inLanguage":"es","@id":"https:\/\/festivalbarruguet.com\/es\/#primaryimage","url":"https:\/\/festivalbarruguet.com\/wp-content\/uploads\/2025\/04\/cropped-favicon.jpg","contentUrl":"https:\/\/festivalbarruguet.com\/wp-content\/uploads\/2025\/04\/cropped-favicon.jpg","width":512,"height":512},{"@type":"BreadcrumbList","@id":"https:\/\/festivalbarruguet.com\/es\/#breadcrumb","itemListElement":[{"@type":"ListItem","position":1,"name":"Inici","item":"https:\/\/festivalbarruguet.com\/es\/"},{"@type":"ListItem","position":2,"name":"Inicio"}]},{"@type":"WebSite","@id":"https:\/\/festivalbarruguet.com\/ca\/#website","url":"https:\/\/festivalbarruguet.com\/ca\/","name":"Festival Barruguet","description":"Festival de Teatre Familiar a Santa Eul\u00e0ria des Riu","potentialAction":[{"@type":"SearchAction","target":{"@type":"EntryPoint","urlTemplate":"https:\/\/festivalbarruguet.com\/ca\/?s={search_term_string}"},"query-input":"required name=search_term_string"}],"inLanguage":"es"}]}},"_links":{"self":[{"href":"https:\/\/festivalbarruguet.com\/es\/wp-json\/wp\/v2\/pages\/2427","targetHints":{"allow":["GET"]}}],"collection":[{"href":"https:\/\/festivalbarruguet.com\/es\/wp-json\/wp\/v2\/pages"}],"about":[{"href":"https:\/\/festivalbarruguet.com\/es\/wp-json\/wp\/v2\/types\/page"}],"author":[{"embeddable":true,"href":"https:\/\/festivalbarruguet.com\/es\/wp-json\/wp\/v2\/users\/1"}],"replies":[{"embeddable":true,"href":"https:\/\/festivalbarruguet.com\/es\/wp-json\/wp\/v2\/comments?post=2427"}],"version-history":[{"count":31,"href":"https:\/\/festivalbarruguet.com\/es\/wp-json\/wp\/v2\/pages\/2427\/revisions"}],"predecessor-version":[{"id":3651,"href":"https:\/\/festivalbarruguet.com\/es\/wp-json\/wp\/v2\/pages\/2427\/revisions\/3651"}],"wp:featuredmedia":[{"embeddable":true,"href":"https:\/\/festivalbarruguet.com\/es\/wp-json\/wp\/v2\/media\/3627"}],"wp:attachment":[{"href":"https:\/\/festivalbarruguet.com\/es\/wp-json\/wp\/v2\/media?parent=2427"}],"wp:term":[{"taxonomy":"folder","embeddable":true,"href":"https:\/\/festivalbarruguet.com\/es\/wp-json\/wp\/v2\/folder?post=2427"}],"curies":[{"name":"wp","href":"https:\/\/api.w.org\/{rel}","templated":true}]}}